{"id":12578,"date":"2025-03-06T18:41:23","date_gmt":"2025-03-06T18:41:23","guid":{"rendered":"https:\/\/www.umpquahealth.com\/patrocinios\/"},"modified":"2025-07-31T19:11:34","modified_gmt":"2025-07-31T19:11:34","slug":"patrocinios","status":"publish","type":"page","link":"https:\/\/www.umpquahealth.com\/es\/patrocinios\/","title":{"rendered":"Patrocinios"},"content":{"rendered":"\n<div class=\"wp-block-stackable-columns alignfull stk-block-columns stk-block stk-460b17c stk-block-background stk--has-background-overlay\" data-block-id=\"460b17c\"><style>.stk-460b17c {background-color:var(--theme-palette-color-7, #FBFAF6) !important;background-image:url(https:\/\/www.umpquahealth.com\/wp-content\/uploads\/2025\/02\/right-wave.png) !important;background-position:bottom right !important;background-repeat:no-repeat !important;background-size:470px !important;min-height:424px !important;padding-top:120px !important;padding-bottom:120px !important;margin-bottom:124px !important;}.stk-460b17c:before{background-color:var(--theme-palette-color-7, #FBFAF6) !important;opacity:0 !important;}.stk-460b17c-column{--stk-columns-spacing:0px !important;justify-content:flex-start !important;}@media screen and (max-width:999px){.stk-460b17c {padding-top:100px !important;padding-bottom:100px !important;}}@media screen and (max-width:689px){.stk-460b17c {background-size:60% !important;margin-bottom:60px !important;}}<\/style><div class=\"stk-row stk-inner-blocks has-text-align-left stk-block-content stk-content-align stk-460b17c-column stk--flex\">\n<div class=\"wp-block-stackable-column stk-block-column stk-column stk-block stk-d35fecf\" data-v=\"4\" data-block-id=\"d35fecf\"><style>.stk-d35fecf-container{margin-top:0px !important;margin-right:0px !important;margin-bottom:0px !important;margin-left:0px !important;}.stk-d35fecf-inner-blocks{align-items:flex-start !important;}.stk-d35fecf {max-width:900px !important;min-width:auto !important;margin-right:auto !important;margin-left:0px !important;}@media screen and (min-width:690px){.stk-d35fecf {flex:var(--stk-flex-grow, 1) 1 calc(66.666% - var(--stk-column-gap, 0px) * 1 \/ 2 ) !important;}}<\/style><div class=\"stk-column-wrapper stk-block-column__content stk-container stk-d35fecf-container stk--no-background stk--no-padding\"><div class=\"stk--column-flex stk-block-content stk-inner-blocks stk-d35fecf-inner-blocks\">\n<div class=\"wp-block-stackable-text stk-block-text stk-block stk-16c2735\" id=\"house-cleaning\" data-block-id=\"16c2735\"><style>.stk-16c2735 {margin-bottom:21px !important;}.stk-16c2735 .stk-block-text__text{font-size:15px !important;color:#005b7b !important;line-height:1em !important;font-weight:700 !important;text-transform:uppercase !important;font-family:\"Figtree\", Sans-serif !important;letter-spacing:0.75px !important;}@media screen and (max-width:999px){.stk-16c2735 {margin-bottom:10px !important;}.stk-16c2735 .stk-block-text__text{font-size:15px !important;}}<\/style><p class=\"stk-block-text__text has-text-color has-text-align-left\">Umpqua Health<\/p><\/div>\n\n\n\n<div class=\"wp-block-stackable-heading stk-block-heading stk-block-heading--v2 stk-block stk-8b0ceb4\" id=\"sponsorships\" data-block-id=\"8b0ceb4\"><style>.stk-8b0ceb4 {margin-bottom:32px !important;}.stk-8b0ceb4 .stk-block-heading__text{font-size:64px !important;color:#005b7b !important;line-height:71px !important;}@media screen and (max-width:999px){.stk-8b0ceb4 .stk-block-heading__text{font-size:64px !important;}}@media screen and (max-width:689px){.stk-8b0ceb4 .stk-block-heading__text{font-size:44px !important;}}<\/style><h2 class=\"stk-block-heading__text has-text-color has-palette-color-8-color has-text-align-left\">Patrocinios<\/h2><\/div>\n<\/div><\/div><\/div>\n\n\n\n<div class=\"wp-block-stackable-column stk-block-column stk-column stk-block stk-81b85b4\" data-v=\"4\" data-block-id=\"81b85b4\"><style>@media screen and (min-width:690px){.stk-81b85b4 {flex:var(--stk-flex-grow, 1) 1 calc(33.334% - var(--stk-column-gap, 0px) * 1 \/ 2 ) !important;}}<\/style><div class=\"stk-column-wrapper stk-block-column__content stk-container stk-81b85b4-container stk--no-background stk--no-padding\"><div class=\"stk-block-content stk-inner-blocks stk-81b85b4-inner-blocks\"><\/div><\/div><\/div>\n<\/div><\/div>\n\n<div class=\"wp-block-stackable-columns stk-block-columns stk-block stk-6efe539 stk-block-background\" data-block-id=\"6efe539\"><style>.stk-6efe539 {background-color:#fbfaf6 !important;border-style:solid !important;border-color:#90c5d0 !important;border-top-width:1px !important;border-right-width:1px !important;border-bottom-width:1px !important;border-left-width:1px !important;padding-top:80px !important;padding-right:84px !important;padding-bottom:80px !important;padding-left:84px !important;margin-bottom:100px !important;}.stk-6efe539:before{background-color:#fbfaf6 !important;}.stk-6efe539-column{--stk-column-gap:50px !important;row-gap:50px !important;}@media screen and (max-width:999px){.stk-6efe539 {padding-top:40px !important;padding-right:44px !important;padding-bottom:40px !important;padding-left:44px !important;}}@media screen and (max-width:689px){.stk-6efe539 {padding-top:30px !important;padding-right:30px !important;padding-bottom:30px !important;padding-left:30px !important;}}<\/style><div class=\"stk-row stk-inner-blocks has-text-align-left-tablet stk-block-content stk-content-align stk-6efe539-column\">\n<div class=\"wp-block-stackable-column stk-block-column stk-column stk-block stk-a23618a\" data-v=\"4\" data-block-id=\"a23618a\"><style>.stk-a23618a-container{margin-top:0px !important;margin-right:0px !important;margin-bottom:0px !important;margin-left:0px !important;padding-top:0px !important;padding-right:0px !important;padding-bottom:0px !important;padding-left:0px !important;}.stk-a23618a {max-width:978px !important;min-width:auto !important;padding-right:0px !important;padding-left:0px !important;margin-right:auto !important;margin-left:auto !important;}<\/style><div class=\"stk-column-wrapper stk-block-column__content stk-container stk-a23618a-container stk--no-background stk--no-padding\"><div class=\"stk-block-content stk-inner-blocks stk-a23618a-inner-blocks\">\n<div class=\"wp-block-stackable-heading stk-block-heading stk-block-heading--v2 stk-block stk-7132ed5\" id=\"submit-your-request\" data-block-id=\"7132ed5\"><style>.stk-7132ed5 {max-width:978px !important;min-width:auto !important;margin-bottom:14px !important;}.stk-7132ed5 .stk-block-heading__text{color:#005b7b !important;}@media screen and (max-width:999px){.stk-7132ed5 {margin-bottom:20px !important;}.stk-7132ed5 .stk-block-heading__text{font-size:30px !important;}}@media screen and (max-width:689px){.stk-7132ed5 .stk-block-heading__text{font-size:25px !important;}}<\/style><h2 class=\"stk-block-heading__text has-text-color has-palette-color-8-color has-text-align-left-tablet\">Env\u00ede su solicitud<\/h2><\/div>\n\n\n\n<div class=\"wp-block-stackable-text stk-block-text stk-block stk-b7291e7\" data-block-id=\"b7291e7\"><style>.stk-b7291e7 {margin-bottom:15px !important;}<\/style><p class=\"stk-block-text__text has-text-align-left has-text-align-left-tablet\">Para solicitudes de contribuciones ben\u00e9ficas de entre 100,00 y 5.000,00 d\u00f3lares, rellene este formulario.<\/p><\/div>\n\n\n\n<div class=\"wp-block-stackable-text stk-block-text stk-block stk-71fbb55\" data-block-id=\"71fbb55\"><style>.stk-71fbb55 {margin-bottom:15px !important;}<\/style><p class=\"stk-block-text__text has-text-align-left has-text-align-left-tablet\">Si tiene alguna pregunta, env\u00ede un correo electr\u00f3nico a: <a href=\"mailto:marketing@umpquahealth.com\">marketing@umpquahealth.com<\/a><\/p><\/div>\n\n\n\n<div class=\"wp-block-stackable-columns stk-block-columns stk-block stk-aabf487\" data-block-id=\"aabf487\"><style>.stk-aabf487-column{--stk-columns-spacing:0px !important;--stk-column-gap:28px !important;justify-content:flex-start !important;}<\/style><div class=\"stk-row stk-inner-blocks stk-block-content stk-content-align stk-aabf487-column stk--flex\">\n<div class=\"wp-block-stackable-column stk-block-column stk-column stk-block stk-01347ef\" data-v=\"4\" data-block-id=\"01347ef\"><div class=\"stk-column-wrapper stk-block-column__content stk-container stk-01347ef-container stk--no-background stk--no-padding\"><div class=\"stk-block-content stk-inner-blocks stk-01347ef-inner-blocks\">\n<div class=\"gspb_button_wrapper gspb_button-id-gsbp-57dc560\" id=\"gspb_button-id-gsbp-57dc560\"><a class=\"wp-block-greenshift-blocks-buttonbox gspb-buttonbox wp-element-button\" href=\"https:\/\/app.smartsheet.com\/b\/form\/ac02e8989b584dd38268353cd8e0d292\" rel=\"noopener\"><span class=\"gspb-buttonbox-textwrap\"><span class=\"gspb-buttonbox-text\"><span class=\"gspb-buttonbox-title\">SOLICITAR PATROCINIO<\/span><\/span><\/span><\/a><\/div>\n<\/div><\/div><\/div>\n<\/div><\/div>\n<\/div><\/div><\/div>\n<\/div><\/div>\n","protected":false},"excerpt":{"rendered":"<p>Umpqua Health Patrocinios Env\u00ede su solicitud Para solicitudes de contribuciones ben\u00e9ficas de entre 100,00 y 5.000,00 d\u00f3lares, rellene este formulario. Si tiene alguna pregunta, env\u00ede un correo electr\u00f3nico a: marketing@umpquahealth.com<\/p>\n","protected":false},"author":1,"featured_media":0,"parent":0,"menu_order":0,"comment_status":"closed","ping_status":"closed","template":"","meta":{"_acf_changed":false,"_gspb_post_css":"#gspb_button-id-gsbp-57dc560{display:flex;justify-content:flex-start}#gspb_button-id-gsbp-57dc560 .gspb-buttonbox-text{display:flex;flex-direction:column}#gspb_button-id-gsbp-57dc560>.gspb-buttonbox{box-sizing:border-box;padding:12px 33px;background-color:#00000000;font-size:14px;line-height:22px;font-weight:700!important;color:var(--wp--preset--color--palette-color-13, var(--theme-palette-color-13, #30822C));border-style:solid;border-width:2px;border-color:var(--wp--preset--color--palette-color-13, var(--theme-palette-color-13, #30822C))}#gspb_button-id-gsbp-57dc560>.gspb-buttonbox:hover{background-color:var(--wp--preset--color--palette-color-13, var(--theme-palette-color-13, #30822C))!important;color:var(--wp--preset--color--palette-color-8, var(--theme-palette-color-8, #FFFFFF))}#gspb_button-id-gsbp-57dc560>.gspb-buttonbox,#gspb_button-id-gsbp-57dc560>.gspb-buttonbox>.gspb_backgroundOverlay{border-top-left-radius:0;border-top-right-radius:0;border-bottom-right-radius:0;border-bottom-left-radius:0}","footnotes":""},"class_list":["post-12578","page","type-page","status-publish","hentry"],"blocksy_meta":[],"acf":[],"yoast_head":"<!-- This site is optimized with the Yoast SEO plugin v27.2 - https:\/\/yoast.com\/product\/yoast-seo-wordpress\/ -->\n<title>Patrocinios - Umpqua Health<\/title>\n<meta name=\"robots\" content=\"index, follow, max-snippet:-1, max-image-preview:large, max-video-preview:-1\" \/>\n<link rel=\"canonical\" href=\"https:\/\/www.umpquahealth.com\/es\/patrocinios\/\" \/>\n<meta property=\"og:locale\" content=\"es_ES\" \/>\n<meta property=\"og:type\" content=\"article\" \/>\n<meta property=\"og:title\" content=\"Patrocinios - Umpqua Health\" \/>\n<meta property=\"og:description\" content=\"Umpqua Health Patrocinios Env\u00ede su solicitud Para solicitudes de contribuciones ben\u00e9ficas de entre 100,00 y 5.000,00 d\u00f3lares, rellene este formulario. Si tiene alguna pregunta, env\u00ede un correo electr\u00f3nico a: marketing@umpquahealth.com\" \/>\n<meta property=\"og:url\" content=\"https:\/\/www.umpquahealth.com\/es\/patrocinios\/\" \/>\n<meta property=\"og:site_name\" content=\"Umpqua Health\" \/>\n<meta property=\"article:publisher\" content=\"https:\/\/www.facebook.com\/UmpquaHealth\/\" \/>\n<meta property=\"article:modified_time\" content=\"2025-07-31T19:11:34+00:00\" \/>\n<meta name=\"twitter:card\" content=\"summary_large_image\" \/>\n<script type=\"application\/ld+json\" class=\"yoast-schema-graph\">{\"@context\":\"https:\/\/schema.org\",\"@graph\":[{\"@type\":\"WebPage\",\"@id\":\"https:\/\/www.umpquahealth.com\/es\/patrocinios\/\",\"url\":\"https:\/\/www.umpquahealth.com\/es\/patrocinios\/\",\"name\":\"Patrocinios - Umpqua Health\",\"isPartOf\":{\"@id\":\"https:\/\/www.umpquahealth.com\/es\/#website\"},\"datePublished\":\"2025-03-06T18:41:23+00:00\",\"dateModified\":\"2025-07-31T19:11:34+00:00\",\"breadcrumb\":{\"@id\":\"https:\/\/www.umpquahealth.com\/es\/patrocinios\/#breadcrumb\"},\"inLanguage\":\"es-ES\",\"potentialAction\":[{\"@type\":\"ReadAction\",\"target\":[\"https:\/\/www.umpquahealth.com\/es\/patrocinios\/\"]}]},{\"@type\":\"BreadcrumbList\",\"@id\":\"https:\/\/www.umpquahealth.com\/es\/patrocinios\/#breadcrumb\",\"itemListElement\":[{\"@type\":\"ListItem\",\"position\":1,\"name\":\"Home\",\"item\":\"https:\/\/www.umpquahealth.com\/es\/\"},{\"@type\":\"ListItem\",\"position\":2,\"name\":\"Patrocinios\"}]},{\"@type\":\"WebSite\",\"@id\":\"https:\/\/www.umpquahealth.com\/es\/#website\",\"url\":\"https:\/\/www.umpquahealth.com\/es\/\",\"name\":\"Umpqua Health\",\"description\":\"Umpqua Health is a mission-driven, community-focused healthcare organization proudly serving Douglas County, Oregon.\",\"publisher\":{\"@id\":\"https:\/\/www.umpquahealth.com\/es\/#organization\"},\"alternateName\":\"UHA\",\"potentialAction\":[{\"@type\":\"SearchAction\",\"target\":{\"@type\":\"EntryPoint\",\"urlTemplate\":\"https:\/\/www.umpquahealth.com\/es\/?s={search_term_string}\"},\"query-input\":{\"@type\":\"PropertyValueSpecification\",\"valueRequired\":true,\"valueName\":\"search_term_string\"}}],\"inLanguage\":\"es-ES\"},{\"@type\":\"Organization\",\"@id\":\"https:\/\/www.umpquahealth.com\/es\/#organization\",\"name\":\"Umpqua Health Alliance\",\"alternateName\":\"UHA\",\"url\":\"https:\/\/www.umpquahealth.com\/es\/\",\"logo\":{\"@type\":\"ImageObject\",\"inLanguage\":\"es-ES\",\"@id\":\"https:\/\/www.umpquahealth.com\/es\/#\/schema\/logo\/image\/\",\"url\":\"https:\/\/www.umpquahealth.com\/wp-content\/uploads\/2025\/01\/umpqua-health-logo-color.svg\",\"contentUrl\":\"https:\/\/www.umpquahealth.com\/wp-content\/uploads\/2025\/01\/umpqua-health-logo-color.svg\",\"width\":200,\"height\":54,\"caption\":\"Umpqua Health Alliance\"},\"image\":{\"@id\":\"https:\/\/www.umpquahealth.com\/es\/#\/schema\/logo\/image\/\"},\"sameAs\":[\"https:\/\/www.facebook.com\/UmpquaHealth\/\",\"https:\/\/www.linkedin.com\/company\/umpqua-health\/\"]}]}<\/script>\n<!-- \/ Yoast SEO plugin. -->","yoast_head_json":{"title":"Patrocinios - Umpqua Health","robots":{"index":"index","follow":"follow","max-snippet":"max-snippet:-1","max-image-preview":"max-image-preview:large","max-video-preview":"max-video-preview:-1"},"canonical":"https:\/\/www.umpquahealth.com\/es\/patrocinios\/","og_locale":"es_ES","og_type":"article","og_title":"Patrocinios - Umpqua Health","og_description":"Umpqua Health Patrocinios Env\u00ede su solicitud Para solicitudes de contribuciones ben\u00e9ficas de entre 100,00 y 5.000,00 d\u00f3lares, rellene este formulario. Si tiene alguna pregunta, env\u00ede un correo electr\u00f3nico a: marketing@umpquahealth.com","og_url":"https:\/\/www.umpquahealth.com\/es\/patrocinios\/","og_site_name":"Umpqua Health","article_publisher":"https:\/\/www.facebook.com\/UmpquaHealth\/","article_modified_time":"2025-07-31T19:11:34+00:00","twitter_card":"summary_large_image","schema":{"@context":"https:\/\/schema.org","@graph":[{"@type":"WebPage","@id":"https:\/\/www.umpquahealth.com\/es\/patrocinios\/","url":"https:\/\/www.umpquahealth.com\/es\/patrocinios\/","name":"Patrocinios - Umpqua Health","isPartOf":{"@id":"https:\/\/www.umpquahealth.com\/es\/#website"},"datePublished":"2025-03-06T18:41:23+00:00","dateModified":"2025-07-31T19:11:34+00:00","breadcrumb":{"@id":"https:\/\/www.umpquahealth.com\/es\/patrocinios\/#breadcrumb"},"inLanguage":"es-ES","potentialAction":[{"@type":"ReadAction","target":["https:\/\/www.umpquahealth.com\/es\/patrocinios\/"]}]},{"@type":"BreadcrumbList","@id":"https:\/\/www.umpquahealth.com\/es\/patrocinios\/#breadcrumb","itemListElement":[{"@type":"ListItem","position":1,"name":"Home","item":"https:\/\/www.umpquahealth.com\/es\/"},{"@type":"ListItem","position":2,"name":"Patrocinios"}]},{"@type":"WebSite","@id":"https:\/\/www.umpquahealth.com\/es\/#website","url":"https:\/\/www.umpquahealth.com\/es\/","name":"Umpqua Health","description":"Umpqua Health is a mission-driven, community-focused healthcare organization proudly serving Douglas County, Oregon.","publisher":{"@id":"https:\/\/www.umpquahealth.com\/es\/#organization"},"alternateName":"UHA","potentialAction":[{"@type":"SearchAction","target":{"@type":"EntryPoint","urlTemplate":"https:\/\/www.umpquahealth.com\/es\/?s={search_term_string}"},"query-input":{"@type":"PropertyValueSpecification","valueRequired":true,"valueName":"search_term_string"}}],"inLanguage":"es-ES"},{"@type":"Organization","@id":"https:\/\/www.umpquahealth.com\/es\/#organization","name":"Umpqua Health Alliance","alternateName":"UHA","url":"https:\/\/www.umpquahealth.com\/es\/","logo":{"@type":"ImageObject","inLanguage":"es-ES","@id":"https:\/\/www.umpquahealth.com\/es\/#\/schema\/logo\/image\/","url":"https:\/\/www.umpquahealth.com\/wp-content\/uploads\/2025\/01\/umpqua-health-logo-color.svg","contentUrl":"https:\/\/www.umpquahealth.com\/wp-content\/uploads\/2025\/01\/umpqua-health-logo-color.svg","width":200,"height":54,"caption":"Umpqua Health Alliance"},"image":{"@id":"https:\/\/www.umpquahealth.com\/es\/#\/schema\/logo\/image\/"},"sameAs":["https:\/\/www.facebook.com\/UmpquaHealth\/","https:\/\/www.linkedin.com\/company\/umpqua-health\/"]}]}},"_links":{"self":[{"href":"https:\/\/www.umpquahealth.com\/es\/wp-json\/wp\/v2\/pages\/12578","targetHints":{"allow":["GET"]}}],"collection":[{"href":"https:\/\/www.umpquahealth.com\/es\/wp-json\/wp\/v2\/pages"}],"about":[{"href":"https:\/\/www.umpquahealth.com\/es\/wp-json\/wp\/v2\/types\/page"}],"author":[{"embeddable":true,"href":"https:\/\/www.umpquahealth.com\/es\/wp-json\/wp\/v2\/users\/1"}],"replies":[{"embeddable":true,"href":"https:\/\/www.umpquahealth.com\/es\/wp-json\/wp\/v2\/comments?post=12578"}],"version-history":[{"count":1,"href":"https:\/\/www.umpquahealth.com\/es\/wp-json\/wp\/v2\/pages\/12578\/revisions"}],"predecessor-version":[{"id":12579,"href":"https:\/\/www.umpquahealth.com\/es\/wp-json\/wp\/v2\/pages\/12578\/revisions\/12579"}],"wp:attachment":[{"href":"https:\/\/www.umpquahealth.com\/es\/wp-json\/wp\/v2\/media?parent=12578"}],"curies":[{"name":"wp","href":"https:\/\/api.w.org\/{rel}","templated":true}]}}