{"id":12590,"date":"2025-06-23T23:36:04","date_gmt":"2025-06-23T23:36:04","guid":{"rendered":"https:\/\/www.umpquahealth.com\/condiciones-de-uso\/"},"modified":"2025-07-31T19:11:34","modified_gmt":"2025-07-31T19:11:34","slug":"condiciones-de-uso","status":"publish","type":"page","link":"https:\/\/www.umpquahealth.com\/es\/condiciones-de-uso\/","title":{"rendered":"Condiciones de uso"},"content":{"rendered":"\n<div class=\"wp-block-stackable-columns alignfull stk-block-columns stk-block stk-460b17c stk-block-background stk--has-background-overlay\" data-block-id=\"460b17c\"><style>.stk-460b17c {background-color:var(--theme-palette-color-7, #FBFAF6) !important;background-image:url(https:\/\/www.umpquahealth.com\/wp-content\/uploads\/2025\/02\/right-wave.png) !important;background-position:bottom right !important;background-repeat:no-repeat !important;background-size:470px !important;min-height:424px !important;padding-top:120px !important;padding-bottom:120px !important;margin-bottom:124px !important;}.stk-460b17c:before{background-color:var(--theme-palette-color-7, #FBFAF6) !important;opacity:0 !important;}.stk-460b17c-column{--stk-columns-spacing:0px !important;justify-content:flex-start !important;}@media screen and (max-width:999px){.stk-460b17c {padding-top:100px !important;padding-bottom:100px !important;}}@media screen and (max-width:689px){.stk-460b17c {background-size:60% !important;margin-bottom:60px !important;}}<\/style><div class=\"stk-row stk-inner-blocks has-text-align-left stk-block-content stk-content-align stk-460b17c-column stk--flex\">\n<div class=\"wp-block-stackable-column stk-block-column stk-column stk-block stk-d35fecf\" data-v=\"4\" data-block-id=\"d35fecf\"><style>.stk-d35fecf-container{margin-top:0px !important;margin-right:0px !important;margin-bottom:0px !important;margin-left:0px !important;}.stk-d35fecf-inner-blocks{align-items:flex-start !important;}.stk-d35fecf {max-width:900px !important;min-width:auto !important;margin-right:auto !important;margin-left:0px !important;}@media screen and (min-width:690px){.stk-d35fecf {flex:var(--stk-flex-grow, 1) 1 calc(66.666% - var(--stk-column-gap, 0px) * 1 \/ 2 ) !important;}}<\/style><div class=\"stk-column-wrapper stk-block-column__content stk-container stk-d35fecf-container stk--no-background stk--no-padding\"><div class=\"stk--column-flex stk-block-content stk-inner-blocks stk-d35fecf-inner-blocks\">\n<div class=\"wp-block-stackable-text stk-block-text stk-block stk-16c2735\" id=\"house-cleaning\" data-block-id=\"16c2735\"><style>.stk-16c2735 {margin-bottom:21px !important;}.stk-16c2735 .stk-block-text__text{font-size:15px !important;color:#005b7b !important;line-height:1em !important;font-weight:700 !important;text-transform:uppercase !important;font-family:\"Figtree\", Sans-serif !important;letter-spacing:0.75px !important;}@media screen and (max-width:999px){.stk-16c2735 {margin-bottom:10px !important;}.stk-16c2735 .stk-block-text__text{font-size:15px !important;}}<\/style><p class=\"stk-block-text__text has-text-color has-text-align-left\">Umpqua Health<\/p><\/div>\n\n\n\n<div class=\"wp-block-stackable-heading stk-block-heading stk-block-heading--v2 stk-block stk-8b0ceb4\" id=\"terms-of-service\" data-block-id=\"8b0ceb4\"><style>.stk-8b0ceb4 {margin-bottom:32px !important;}.stk-8b0ceb4 .stk-block-heading__text{font-size:64px !important;color:#005b7b !important;line-height:71px !important;}@media screen and (max-width:999px){.stk-8b0ceb4 .stk-block-heading__text{font-size:64px !important;}}@media screen and (max-width:689px){.stk-8b0ceb4 .stk-block-heading__text{font-size:44px !important;}}<\/style><h2 class=\"stk-block-heading__text has-text-color has-palette-color-8-color has-text-align-left\">Condiciones de uso<\/h2><\/div>\n\n\n\n<p>Lea atentamente estas Condiciones de servicio (&#8220;Condiciones&#8221;) antes de utilizar este sitio web. Al visitar o utilizar este sitio, usted acepta cumplir estas Condiciones. Si no est\u00e1 de acuerdo, le rogamos que no utilice el sitio.  <\/p>\n<\/div><\/div><\/div>\n\n\n\n<div class=\"wp-block-stackable-column stk-block-column stk-column stk-block stk-81b85b4\" data-v=\"4\" data-block-id=\"81b85b4\"><style>@media screen and (min-width:690px){.stk-81b85b4 {flex:var(--stk-flex-grow, 1) 1 calc(33.334% - var(--stk-column-gap, 0px) * 1 \/ 2 ) !important;}}<\/style><div class=\"stk-column-wrapper stk-block-column__content stk-container stk-81b85b4-container stk--no-background stk--no-padding\"><div class=\"stk-block-content stk-inner-blocks stk-81b85b4-inner-blocks\"><\/div><\/div><\/div>\n<\/div><\/div>\n\n<div class=\"wp-block-stackable-columns stk-block-columns stk-block stk-b4cd079\" data-block-id=\"b4cd079\"><style>.stk-b4cd079 {margin-bottom:84px !important;}@media screen and (max-width:689px){.stk-b4cd079 {margin-bottom:32px !important;}}<\/style><div class=\"stk-row stk-inner-blocks stk-block-content stk-content-align stk-b4cd079-column\">\n<div class=\"wp-block-stackable-column stk-block-column stk-column stk-block stk-31004a8\" data-v=\"4\" data-block-id=\"31004a8\"><style>.stk-31004a8-container{margin-top:0px !important;margin-right:74px !important;margin-bottom:0px !important;margin-left:74px !important;}.stk-31004a8 {align-self:center !important;}<\/style><div class=\"stk-column-wrapper stk-block-column__content stk-container stk-31004a8-container stk--no-background stk--no-padding\"><div class=\"stk-block-content stk-inner-blocks stk-31004a8-inner-blocks\">\n<div class=\"wp-block-stackable-heading stk-block-heading stk-block-heading--v2 stk-block stk-229f58b\" id=\"1-website-purpose\" data-block-id=\"229f58b\"><h3 class=\"stk-block-heading__text\">1. Prop\u00f3sito del sitio web<\/h3><\/div>\n\n\n\n<p style=\"margin-top:15px;margin-right:0px;margin-bottom:15px;margin-left:0px\">El objetivo de este sitio web es proporcionar informaci\u00f3n general sobre Umpqua Health, sus programas y servicios, su red de proveedores y sus recursos para miembros. La informaci\u00f3n contenida en este sitio no constituye asesoramiento m\u00e9dico y no debe utilizarse como sustituto de la atenci\u00f3n sanitaria profesional. <\/p>\n\n\n\n<div class=\"wp-block-stackable-heading stk-block-heading stk-block-heading--v2 stk-block stk-432216b\" id=\"2-use-of-the-website\" data-block-id=\"432216b\"><h3 class=\"stk-block-heading__text\">2. Uso del sitio web<\/h3><\/div>\n\n\n\n<p>Usted se compromete a utilizar este sitio web \u00fanicamente con fines l\u00edcitos. Usted no debe:<br\/>&#8211; Usar el sitio para da\u00f1ar, acosar o interferir con otros<br\/>&#8211; Cargar o transmitir cualquier archivo o software da\u00f1ino<br\/>&#8211; Tratar de acceder a datos o sistemas que no tiene permiso para usar<br\/>Umpqua Health puede restringir o interrumpir su acceso al sitio si usted viola estos T\u00e9rminos. <\/p>\n\n\n\n<div class=\"wp-block-stackable-heading stk-block-heading stk-block-heading--v2 stk-block stk-bc169f0\" id=\"3-privacy\" data-block-id=\"bc169f0\"><h3 class=\"stk-block-heading__text\">3. Privacidad<\/h3><\/div>\n\n\n\n<p>Su privacidad es importante para nosotros. Toda la informaci\u00f3n personal que env\u00ede a trav\u00e9s de este sitio se gestiona de acuerdo con nuestra <a href=\"https:\/\/www.umpquahealth.com\/privacy-policy\/\" data-type=\"page\" data-id=\"6652\">Pol\u00edtica de privacidad<\/a>. Si usted es miembro de Umpqua Health, su informaci\u00f3n m\u00e9dica est\u00e1 protegida por la ley HIPAA. Obtenga m\u00e1s informaci\u00f3n en nuestro <a href=\"https:\/\/www.umpquahealth.com\/form\/notice-of-privacy-practices\/\" data-type=\"link\" data-id=\"https:\/\/www.umpquahealth.com\/form\/notice-of-privacy-practices\/\">Aviso de pr\u00e1cticas de privacidad<\/a>.   <\/p>\n\n\n\n<div class=\"wp-block-stackable-heading stk-block-heading stk-block-heading--v2 stk-block stk-6583902\" id=\"4-links-to-other-sites\" data-block-id=\"6583902\"><h3 class=\"stk-block-heading__text\">4. Enlaces a otros sitios<\/h3><\/div>\n\n\n\n<p>Este sitio web puede incluir enlaces a otros sitios web no gestionados por Umpqua Health. No nos hacemos responsables del contenido ni de las pr\u00e1cticas de privacidad de dichos sitios. Recomendamos revisar sus t\u00e9rminos y pol\u00edticas de privacidad por separado.  <\/p>\n\n\n\n<div class=\"wp-block-stackable-heading stk-block-heading stk-block-heading--v2 stk-block stk-8eb0c3d\" id=\"5-intellectual-property\" data-block-id=\"8eb0c3d\"><h3 class=\"stk-block-heading__text\">5. 5. Propiedad intelectual<\/h3><\/div>\n\n\n\n<p>Todo el contenido de este sitio web, incluidos textos, logotipos, gr\u00e1ficos e im\u00e1genes, pertenece a Umpqua Health o se utiliza con su permiso. Queda prohibido copiar, distribuir o modificar el contenido de este sitio sin nuestro consentimiento por escrito. <\/p>\n\n\n\n<div class=\"wp-block-stackable-heading stk-block-heading stk-block-heading--v2 stk-block stk-ab3be94\" id=\"6-no-warranties\" data-block-id=\"ab3be94\"><h3 class=\"stk-block-heading__text\">6. Sin garant\u00edas<\/h3><\/div>\n\n\n\n<p>Este sitio web se proporciona &#8220;tal cual&#8221;. Aunque intentamos mantener la informaci\u00f3n actualizada y precisa, no garantizamos que est\u00e9 completa ni que sea fiable. Umpqua Health no se hace responsable de ning\u00fan error ni de ninguna acci\u00f3n que usted emprenda bas\u00e1ndose en la informaci\u00f3n de este sitio.  <\/p>\n\n\n\n<div class=\"wp-block-stackable-heading stk-block-heading stk-block-heading--v2 stk-block stk-f97b309\" id=\"7-limitation-of-liability\" data-block-id=\"f97b309\"><h3 class=\"stk-block-heading__text\">7. Limitaci\u00f3n de responsabilidad<\/h3><\/div>\n\n\n\n<p>Umpqua Health no se hace responsable de los da\u00f1os que puedan derivarse del uso (o de la imposibilidad de uso) de este sitio web. Esto incluye da\u00f1os relacionados con la p\u00e9rdida de datos, fallos del sistema o interrupciones del sitio web. <\/p>\n\n\n\n<div class=\"wp-block-stackable-heading stk-block-heading stk-block-heading--v2 stk-block stk-723d9ad\" id=\"8-changes-to-these-terms\" data-block-id=\"723d9ad\"><h3 class=\"stk-block-heading__text\">8. Modificaciones de las presentes condiciones<\/h3><\/div>\n\n\n\n<p>Podemos actualizar estas Condiciones en cualquier momento. Los cambios se publicar\u00e1n en esta p\u00e1gina con la nueva fecha de entrada en vigor. Su uso continuado del sitio despu\u00e9s de que se publiquen los cambios significa que usted acepta los nuevos T\u00e9rminos.  <\/p>\n\n\n\n<div class=\"wp-block-stackable-heading stk-block-heading stk-block-heading--v2 stk-block stk-5cd09d2\" id=\"9-contact-us\" data-block-id=\"5cd09d2\"><h3 class=\"stk-block-heading__text\">9. Contacto<\/h3><\/div>\n\n\n\n<p>Si tiene alguna pregunta sobre estas Condiciones, p\u00f3ngase en contacto con:<\/p>\n\n\n\n<ul class=\"wp-block-list\">\n<li><strong>Correo electr\u00f3nico <\/strong><a href=\"mailto:compliance@umpquahealth.com\">compliance@umpquahealth.com<\/a><\/li>\n\n\n\n<li><strong>Tel:<\/strong> <a href=\"tel:5412294842\">(541) 229-4842<\/a><\/li>\n\n\n\n<li><strong>Correo:<\/strong><br\/>Umpqua Health<br\/>3031 NE Stephens Street<br\/>Roseburg, OR 97470<\/li>\n<\/ul>\n<\/div><\/div><\/div>\n<\/div><\/div>\n","protected":false},"excerpt":{"rendered":"<p>Umpqua Health Condiciones de uso Lea atentamente estas Condiciones de servicio (&#8220;Condiciones&#8221;) antes de utilizar este sitio web. Al visitar o utilizar este sitio, usted acepta cumplir estas Condiciones. Si no est\u00e1 de acuerdo, le rogamos que no utilice el sitio. 1. Prop\u00f3sito del sitio web El objetivo de este sitio web es proporcionar informaci\u00f3n [&hellip;]<\/p>\n","protected":false},"author":1,"featured_media":0,"parent":0,"menu_order":0,"comment_status":"closed","ping_status":"closed","template":"","meta":{"_acf_changed":false,"_gspb_post_css":"#gspb_button-id-gsbp-e42acdb{display:flex;justify-content:flex-start}#gspb_button-id-gsbp-e42acdb .gspb-buttonbox-text{display:flex;flex-direction:column}#gspb_button-id-gsbp-e42acdb>.gspb-buttonbox{box-sizing:border-box;margin-bottom:20px;padding:12px 33px;background-color:#00000000;font-size:14px;line-height:22px;font-weight:700!important;color:var(--wp--preset--color--palette-color-13, var(--theme-palette-color-13, #30822C));border-style:solid;border-width:2px;border-color:var(--wp--preset--color--palette-color-13, var(--theme-palette-color-13, #30822C))}#gspb_button-id-gsbp-e42acdb>.gspb-buttonbox:hover{background-color:var(--wp--preset--color--palette-color-13, var(--theme-palette-color-13, #30822C))!important;color:var(--wp--preset--color--palette-color-8, var(--theme-palette-color-8, #FFFFFF))}#gspb_button-id-gsbp-e42acdb>.gspb-buttonbox,#gspb_button-id-gsbp-e42acdb>.gspb-buttonbox>.gspb_backgroundOverlay{border-top-left-radius:0;border-top-right-radius:0;border-bottom-right-radius:0;border-bottom-left-radius:0}body.gspb-bodyfront #gspb_button-id-gsbp-e42acdb{position:relative}","footnotes":""},"class_list":["post-12590","page","type-page","status-publish","hentry"],"blocksy_meta":[],"acf":[],"yoast_head":"<!-- This site is optimized with the Yoast SEO plugin v27.2 - https:\/\/yoast.com\/product\/yoast-seo-wordpress\/ -->\n<title>Condiciones de uso - Umpqua Health<\/title>\n<meta name=\"robots\" content=\"index, follow, max-snippet:-1, max-image-preview:large, max-video-preview:-1\" \/>\n<link rel=\"canonical\" href=\"https:\/\/www.umpquahealth.com\/es\/condiciones-de-uso\/\" \/>\n<meta property=\"og:locale\" content=\"es_ES\" \/>\n<meta property=\"og:type\" content=\"article\" \/>\n<meta property=\"og:title\" content=\"Condiciones de uso - Umpqua Health\" \/>\n<meta property=\"og:description\" content=\"Umpqua Health Condiciones de uso Lea atentamente estas Condiciones de servicio (&#8220;Condiciones&#8221;) antes de utilizar este sitio web. Al visitar o utilizar este sitio, usted acepta cumplir estas Condiciones. Si no est\u00e1 de acuerdo, le rogamos que no utilice el sitio. 1. Prop\u00f3sito del sitio web El objetivo de este sitio web es proporcionar informaci\u00f3n [&hellip;]\" \/>\n<meta property=\"og:url\" content=\"https:\/\/www.umpquahealth.com\/es\/condiciones-de-uso\/\" \/>\n<meta property=\"og:site_name\" content=\"Umpqua Health\" \/>\n<meta property=\"article:publisher\" content=\"https:\/\/www.facebook.com\/UmpquaHealth\/\" \/>\n<meta property=\"article:modified_time\" content=\"2025-07-31T19:11:34+00:00\" \/>\n<meta name=\"twitter:card\" content=\"summary_large_image\" \/>\n<meta name=\"twitter:label1\" content=\"Est. reading time\" \/>\n\t<meta name=\"twitter:data1\" content=\"2 minutes\" \/>\n<script type=\"application\/ld+json\" class=\"yoast-schema-graph\">{\"@context\":\"https:\/\/schema.org\",\"@graph\":[{\"@type\":\"WebPage\",\"@id\":\"https:\/\/www.umpquahealth.com\/es\/condiciones-de-uso\/\",\"url\":\"https:\/\/www.umpquahealth.com\/es\/condiciones-de-uso\/\",\"name\":\"Condiciones de uso - Umpqua Health\",\"isPartOf\":{\"@id\":\"https:\/\/www.umpquahealth.com\/es\/#website\"},\"datePublished\":\"2025-06-23T23:36:04+00:00\",\"dateModified\":\"2025-07-31T19:11:34+00:00\",\"breadcrumb\":{\"@id\":\"https:\/\/www.umpquahealth.com\/es\/condiciones-de-uso\/#breadcrumb\"},\"inLanguage\":\"es-ES\",\"potentialAction\":[{\"@type\":\"ReadAction\",\"target\":[\"https:\/\/www.umpquahealth.com\/es\/condiciones-de-uso\/\"]}]},{\"@type\":\"BreadcrumbList\",\"@id\":\"https:\/\/www.umpquahealth.com\/es\/condiciones-de-uso\/#breadcrumb\",\"itemListElement\":[{\"@type\":\"ListItem\",\"position\":1,\"name\":\"Home\",\"item\":\"https:\/\/www.umpquahealth.com\/es\/\"},{\"@type\":\"ListItem\",\"position\":2,\"name\":\"Condiciones de uso\"}]},{\"@type\":\"WebSite\",\"@id\":\"https:\/\/www.umpquahealth.com\/es\/#website\",\"url\":\"https:\/\/www.umpquahealth.com\/es\/\",\"name\":\"Umpqua Health\",\"description\":\"Umpqua Health is a mission-driven, community-focused healthcare organization proudly serving Douglas County, Oregon.\",\"publisher\":{\"@id\":\"https:\/\/www.umpquahealth.com\/es\/#organization\"},\"alternateName\":\"UHA\",\"potentialAction\":[{\"@type\":\"SearchAction\",\"target\":{\"@type\":\"EntryPoint\",\"urlTemplate\":\"https:\/\/www.umpquahealth.com\/es\/?s={search_term_string}\"},\"query-input\":{\"@type\":\"PropertyValueSpecification\",\"valueRequired\":true,\"valueName\":\"search_term_string\"}}],\"inLanguage\":\"es-ES\"},{\"@type\":\"Organization\",\"@id\":\"https:\/\/www.umpquahealth.com\/es\/#organization\",\"name\":\"Umpqua Health Alliance\",\"alternateName\":\"UHA\",\"url\":\"https:\/\/www.umpquahealth.com\/es\/\",\"logo\":{\"@type\":\"ImageObject\",\"inLanguage\":\"es-ES\",\"@id\":\"https:\/\/www.umpquahealth.com\/es\/#\/schema\/logo\/image\/\",\"url\":\"https:\/\/www.umpquahealth.com\/wp-content\/uploads\/2025\/01\/umpqua-health-logo-color.svg\",\"contentUrl\":\"https:\/\/www.umpquahealth.com\/wp-content\/uploads\/2025\/01\/umpqua-health-logo-color.svg\",\"width\":200,\"height\":54,\"caption\":\"Umpqua Health Alliance\"},\"image\":{\"@id\":\"https:\/\/www.umpquahealth.com\/es\/#\/schema\/logo\/image\/\"},\"sameAs\":[\"https:\/\/www.facebook.com\/UmpquaHealth\/\",\"https:\/\/www.linkedin.com\/company\/umpqua-health\/\"]}]}<\/script>\n<!-- \/ Yoast SEO plugin. -->","yoast_head_json":{"title":"Condiciones de uso - Umpqua Health","robots":{"index":"index","follow":"follow","max-snippet":"max-snippet:-1","max-image-preview":"max-image-preview:large","max-video-preview":"max-video-preview:-1"},"canonical":"https:\/\/www.umpquahealth.com\/es\/condiciones-de-uso\/","og_locale":"es_ES","og_type":"article","og_title":"Condiciones de uso - Umpqua Health","og_description":"Umpqua Health Condiciones de uso Lea atentamente estas Condiciones de servicio (&#8220;Condiciones&#8221;) antes de utilizar este sitio web. Al visitar o utilizar este sitio, usted acepta cumplir estas Condiciones. Si no est\u00e1 de acuerdo, le rogamos que no utilice el sitio. 1. Prop\u00f3sito del sitio web El objetivo de este sitio web es proporcionar informaci\u00f3n [&hellip;]","og_url":"https:\/\/www.umpquahealth.com\/es\/condiciones-de-uso\/","og_site_name":"Umpqua Health","article_publisher":"https:\/\/www.facebook.com\/UmpquaHealth\/","article_modified_time":"2025-07-31T19:11:34+00:00","twitter_card":"summary_large_image","twitter_misc":{"Est. reading time":"2 minutes"},"schema":{"@context":"https:\/\/schema.org","@graph":[{"@type":"WebPage","@id":"https:\/\/www.umpquahealth.com\/es\/condiciones-de-uso\/","url":"https:\/\/www.umpquahealth.com\/es\/condiciones-de-uso\/","name":"Condiciones de uso - Umpqua Health","isPartOf":{"@id":"https:\/\/www.umpquahealth.com\/es\/#website"},"datePublished":"2025-06-23T23:36:04+00:00","dateModified":"2025-07-31T19:11:34+00:00","breadcrumb":{"@id":"https:\/\/www.umpquahealth.com\/es\/condiciones-de-uso\/#breadcrumb"},"inLanguage":"es-ES","potentialAction":[{"@type":"ReadAction","target":["https:\/\/www.umpquahealth.com\/es\/condiciones-de-uso\/"]}]},{"@type":"BreadcrumbList","@id":"https:\/\/www.umpquahealth.com\/es\/condiciones-de-uso\/#breadcrumb","itemListElement":[{"@type":"ListItem","position":1,"name":"Home","item":"https:\/\/www.umpquahealth.com\/es\/"},{"@type":"ListItem","position":2,"name":"Condiciones de uso"}]},{"@type":"WebSite","@id":"https:\/\/www.umpquahealth.com\/es\/#website","url":"https:\/\/www.umpquahealth.com\/es\/","name":"Umpqua Health","description":"Umpqua Health is a mission-driven, community-focused healthcare organization proudly serving Douglas County, Oregon.","publisher":{"@id":"https:\/\/www.umpquahealth.com\/es\/#organization"},"alternateName":"UHA","potentialAction":[{"@type":"SearchAction","target":{"@type":"EntryPoint","urlTemplate":"https:\/\/www.umpquahealth.com\/es\/?s={search_term_string}"},"query-input":{"@type":"PropertyValueSpecification","valueRequired":true,"valueName":"search_term_string"}}],"inLanguage":"es-ES"},{"@type":"Organization","@id":"https:\/\/www.umpquahealth.com\/es\/#organization","name":"Umpqua Health Alliance","alternateName":"UHA","url":"https:\/\/www.umpquahealth.com\/es\/","logo":{"@type":"ImageObject","inLanguage":"es-ES","@id":"https:\/\/www.umpquahealth.com\/es\/#\/schema\/logo\/image\/","url":"https:\/\/www.umpquahealth.com\/wp-content\/uploads\/2025\/01\/umpqua-health-logo-color.svg","contentUrl":"https:\/\/www.umpquahealth.com\/wp-content\/uploads\/2025\/01\/umpqua-health-logo-color.svg","width":200,"height":54,"caption":"Umpqua Health Alliance"},"image":{"@id":"https:\/\/www.umpquahealth.com\/es\/#\/schema\/logo\/image\/"},"sameAs":["https:\/\/www.facebook.com\/UmpquaHealth\/","https:\/\/www.linkedin.com\/company\/umpqua-health\/"]}]}},"_links":{"self":[{"href":"https:\/\/www.umpquahealth.com\/es\/wp-json\/wp\/v2\/pages\/12590","targetHints":{"allow":["GET"]}}],"collection":[{"href":"https:\/\/www.umpquahealth.com\/es\/wp-json\/wp\/v2\/pages"}],"about":[{"href":"https:\/\/www.umpquahealth.com\/es\/wp-json\/wp\/v2\/types\/page"}],"author":[{"embeddable":true,"href":"https:\/\/www.umpquahealth.com\/es\/wp-json\/wp\/v2\/users\/1"}],"replies":[{"embeddable":true,"href":"https:\/\/www.umpquahealth.com\/es\/wp-json\/wp\/v2\/comments?post=12590"}],"version-history":[{"count":1,"href":"https:\/\/www.umpquahealth.com\/es\/wp-json\/wp\/v2\/pages\/12590\/revisions"}],"predecessor-version":[{"id":12592,"href":"https:\/\/www.umpquahealth.com\/es\/wp-json\/wp\/v2\/pages\/12590\/revisions\/12592"}],"wp:attachment":[{"href":"https:\/\/www.umpquahealth.com\/es\/wp-json\/wp\/v2\/media?parent=12590"}],"curies":[{"name":"wp","href":"https:\/\/api.w.org\/{rel}","templated":true}]}}