{"id":12615,"date":"2025-01-24T23:42:36","date_gmt":"2025-01-24T23:42:36","guid":{"rendered":"https:\/\/www.umpquahealth.com\/foodsmart-telehealth-nutricion\/"},"modified":"2025-07-31T21:07:04","modified_gmt":"2025-07-31T21:07:04","slug":"foodsmart-telehealth-nutricion","status":"publish","type":"page","link":"https:\/\/www.umpquahealth.com\/es\/miembros\/todas-las-prestaciones-y-programas\/foodsmart-telehealth-nutricion\/","title":{"rendered":"Foodsmart Telehealth Nutrici\u00f3n"},"content":{"rendered":"\n<div class=\"wp-block-stackable-columns alignfull stk-block-columns stk-block stk-be86da4 stk-block-background stk--has-background-overlay\" data-block-id=\"be86da4\"><style>.stk-be86da4 {background-color:var(--theme-palette-color-2, #DBEFF6) !important;background-image:url(https:\/\/www.umpquahealth.com\/wp-content\/uploads\/2025\/02\/right-wave.png) !important;background-position:bottom right !important;background-repeat:no-repeat !important;background-size:470px !important;min-height:424px !important;padding-top:120px !important;padding-bottom:120px !important;margin-bottom:124px !important;}.stk-be86da4:before{background-color:var(--theme-palette-color-2, #DBEFF6) !important;opacity:0 !important;}.stk-be86da4-column{--stk-columns-spacing:0px !important;justify-content:flex-start !important;}@media screen and (max-width:999px){.stk-be86da4 {padding-top:100px !important;padding-bottom:100px !important;}}@media screen and (max-width:689px){.stk-be86da4 {background-size:60% !important;margin-bottom:60px !important;}}<\/style><div class=\"stk-row stk-inner-blocks has-text-align-left stk-block-content stk-content-align stk-be86da4-column stk--flex\">\n<div class=\"wp-block-stackable-column stk-block-column stk-column stk-block stk-2eb61b4\" data-v=\"4\" data-block-id=\"2eb61b4\"><style>.stk-2eb61b4-container{margin-top:0px !important;margin-right:0px !important;margin-bottom:0px !important;margin-left:0px !important;}.stk-2eb61b4-inner-blocks{align-items:flex-start !important;}.stk-2eb61b4 {max-width:900px !important;min-width:auto !important;margin-right:auto !important;margin-left:0px !important;}@media screen and (min-width:690px){.stk-2eb61b4 {flex:var(--stk-flex-grow, 1) 1 calc(66.666% - var(--stk-column-gap, 0px) * 1 \/ 2 ) !important;}}<\/style><div class=\"stk-column-wrapper stk-block-column__content stk-container stk-2eb61b4-container stk--no-background stk--no-padding\"><div class=\"stk--column-flex stk-block-content stk-inner-blocks stk-2eb61b4-inner-blocks\">\n<div class=\"wp-block-stackable-text stk-block-text stk-block stk-0a0a604\" id=\"house-cleaning\" data-block-id=\"0a0a604\"><style>.stk-0a0a604 {margin-bottom:21px !important;}.stk-0a0a604 .stk-block-text__text{font-size:15px !important;color:#005b7b !important;line-height:1em !important;font-weight:700 !important;text-transform:uppercase !important;font-family:\"Figtree\", Sans-serif !important;letter-spacing:0.75px !important;}@media screen and (max-width:999px){.stk-0a0a604 {margin-bottom:10px !important;}.stk-0a0a604 .stk-block-text__text{font-size:15px !important;}}<\/style><p class=\"stk-block-text__text has-text-color has-text-align-left\">MIEMBROS DE UMPQUA HEALTH<\/p><\/div>\n\n\n\n<div class=\"wp-block-stackable-heading stk-block-heading stk-block-heading--v2 stk-block stk-f7d0a2d\" id=\"foodsmart-telehealth-nutrition\" data-block-id=\"f7d0a2d\"><style>.stk-f7d0a2d {margin-bottom:32px !important;}.stk-f7d0a2d .stk-block-heading__text{font-size:64px !important;color:#005b7b !important;line-height:71px !important;}@media screen and (max-width:999px){.stk-f7d0a2d .stk-block-heading__text{font-size:64px !important;}}@media screen and (max-width:689px){.stk-f7d0a2d .stk-block-heading__text{font-size:44px !important;}}<\/style><h2 class=\"stk-block-heading__text has-text-color has-palette-color-8-color has-text-align-left\">Foodsmart Telehealth Nutrici\u00f3n<\/h2><\/div>\n<\/div><\/div><\/div>\n\n\n\n<div class=\"wp-block-stackable-column stk-block-column stk-column stk-block stk-9701c86\" data-v=\"4\" data-block-id=\"9701c86\"><style>@media screen and (min-width:690px){.stk-9701c86 {flex:var(--stk-flex-grow, 1) 1 calc(33.334% - var(--stk-column-gap, 0px) * 1 \/ 2 ) !important;}}<\/style><div class=\"stk-column-wrapper stk-block-column__content stk-container stk-9701c86-container stk--no-background stk--no-padding\"><div class=\"stk-block-content stk-inner-blocks stk-9701c86-inner-blocks\"><\/div><\/div><\/div>\n<\/div><\/div>\n\n<div class=\"wp-block-stackable-columns stk-block-columns stk-block stk-b4cd079\" data-block-id=\"b4cd079\"><div class=\"stk-row stk-inner-blocks stk-block-content stk-content-align stk-b4cd079-column\">\n<div class=\"wp-block-stackable-column stk-block-column stk-column stk-block stk-31004a8\" data-v=\"4\" data-block-id=\"31004a8\"><style>.stk-31004a8-container{margin-top:0px !important;margin-right:74px !important;margin-bottom:0px !important;margin-left:74px !important;}.stk-31004a8 {align-self:center !important;}<\/style><div class=\"stk-column-wrapper stk-block-column__content stk-container stk-31004a8-container stk--no-background stk--no-padding\"><div class=\"stk-block-content stk-inner-blocks stk-31004a8-inner-blocks\">\n<div class=\"wp-block-stackable-heading stk-block-heading stk-block-heading--v2 stk-block stk-9f23265\" id=\"how-it-works\" data-block-id=\"9f23265\"><style>.stk-9f23265 {margin-bottom:15px !important;}<\/style><h3 class=\"stk-block-heading__text\">C\u00f3mo funciona<\/h3><\/div>\n\n\n\n<p style=\"margin-top:15px;margin-right:0px;margin-bottom:15px;margin-left:0px\">Foodsmart es un programa gratuito que ayuda a los miembros de Umpqua Health Alliance a llevar un estilo de vida saludable mediante asesoramiento nutricional virtual individualizado, planes de comidas personalizados y herramientas para ahorrar en la compra.<\/p>\n\n\n\n<ul class=\"wp-block-list\">\n<li><strong>Atenci\u00f3n personalizada.<\/strong>  Tendr\u00e1 acceso a un n\u00famero ilimitado de visitas con dietistas diplomados que le ayudar\u00e1n a controlar su estado de salud y a formular un plan que realmente le funcione.<\/li>\n\n\n\n<li><strong>Mida sus progresos.  <\/strong>Realice nuestra evaluaci\u00f3n nutricional, NutriQuiz, para conocer sus h\u00e1bitos alimentarios. Revise sus resultados y siga sus progresos con un dietista titulado. <\/li>\n\n\n\n<li><strong>Comida asequible y f\u00e1cil.<\/strong>  Accede a miles de recetas saludables y utiliza herramientas gratuitas de planificaci\u00f3n de la compra, como listas digitales, integraciones de entrega y herramientas de comparaci\u00f3n de precios en tiendas de tu zona como Fred Meyer y Safeway.<\/li>\n\n\n\n<li><strong>Sin coste para los afiliados.<\/strong>  Las funciones de Foodsmart y las visitas con los dietistas diplomados son gratuitas. Foodsmart le ayuda a ahorrar tiempo y dinero en alimentos, as\u00ed como a gestionar sus enfermedades cr\u00f3nicas. <\/li>\n<\/ul>\n\n\n\n<p>M\u00e1s informaci\u00f3n en los enlaces siguientes:<\/p>\n\n\n\n<ul class=\"wp-block-list\">\n<li><a href=\"https:\/\/www.www.umpquahealth.com\/wp-content\/uploads\/2022\/03\/foodsmart-flyer-b.pdf\">Plataforma Foodsmart<\/a><\/li>\n\n\n\n<li><a href=\"https:\/\/www.www.umpquahealth.com\/wp-content\/uploads\/2022\/06\/foodsmart-brochure.pdf\">UHA Foodsmart Folleto de Beneficios<\/a> |<a href=\"https:\/\/www.www.umpquahealth.com\/wp-content\/uploads\/2022\/06\/foodsmart-spanish-brochure.pdf\">(Espa\u00f1ol)<\/a><\/li>\n\n\n\n<li><a href=\"https:\/\/www.www.umpquahealth.com\/wp-content\/uploads\/2022\/03\/foodsmart-flyer-a.pdf\">Gesti\u00f3n de dietas sin coste alguno<\/a><\/li>\n<\/ul>\n\n\n\n<div class=\"gspb_button_wrapper gspb_button-id-gsbp-4988a44\" id=\"gspb_button-id-gsbp-4988a44\"><a class=\"wp-block-greenshift-blocks-buttonbox gspb-buttonbox wp-element-button\" rel=\"noopener\"><span class=\"gspb-buttonbox-textwrap\"><span class=\"gspb-buttonbox-text\"><span class=\"gspb-buttonbox-title\">BOT\u00d3N CTA<\/span><\/span><\/span><\/a><\/div>\n<\/div><\/div><\/div>\n<\/div><\/div>\n\n<p><\/p>\n","protected":false},"excerpt":{"rendered":"<p>MIEMBROS DE UMPQUA HEALTH Foodsmart Telehealth Nutrici\u00f3n C\u00f3mo funciona Foodsmart es un programa gratuito que ayuda a los miembros de Umpqua Health Alliance a llevar un estilo de vida saludable mediante asesoramiento nutricional virtual individualizado, planes de comidas personalizados y herramientas para ahorrar en la compra. M\u00e1s informaci\u00f3n en los enlaces siguientes:<\/p>\n","protected":false},"author":1,"featured_media":0,"parent":12718,"menu_order":0,"comment_status":"closed","ping_status":"closed","template":"","meta":{"_acf_changed":false,"_gspb_post_css":"#gspb_button-id-gsbp-4988a44{display:flex;justify-content:flex-start}#gspb_button-id-gsbp-4988a44 .gspb-buttonbox-text{display:flex;flex-direction:column}#gspb_button-id-gsbp-4988a44>.gspb-buttonbox{box-sizing:border-box;padding:12px 33px;background-color:#00000000;font-size:14px;line-height:22px;font-weight:700!important;color:var(--wp--preset--color--palette-color-13, var(--theme-palette-color-13, #30822C));border-style:solid;border-width:2px;border-color:var(--wp--preset--color--palette-color-13, var(--theme-palette-color-13, #30822C))}#gspb_button-id-gsbp-4988a44>.gspb-buttonbox:hover{background-color:var(--wp--preset--color--palette-color-13, var(--theme-palette-color-13, #30822C))!important;color:var(--wp--preset--color--palette-color-8, var(--theme-palette-color-8, #FFFFFF))}#gspb_button-id-gsbp-4988a44>.gspb-buttonbox,#gspb_button-id-gsbp-4988a44>.gspb-buttonbox>.gspb_backgroundOverlay{border-top-left-radius:0;border-top-right-radius:0;border-bottom-right-radius:0;border-bottom-left-radius:0}","footnotes":""},"class_list":["post-12615","page","type-page","status-publish","hentry"],"blocksy_meta":[],"acf":[],"yoast_head":"<!-- This site is optimized with the Yoast SEO plugin v27.2 - https:\/\/yoast.com\/product\/yoast-seo-wordpress\/ -->\n<title>Foodsmart Telehealth Nutrici\u00f3n - Umpqua Health<\/title>\n<meta name=\"robots\" content=\"index, follow, max-snippet:-1, max-image-preview:large, max-video-preview:-1\" \/>\n<link rel=\"canonical\" href=\"https:\/\/www.umpquahealth.com\/es\/miembros\/todas-las-prestaciones-y-programas\/foodsmart-telehealth-nutricion\/\" \/>\n<meta property=\"og:locale\" content=\"es_ES\" \/>\n<meta property=\"og:type\" content=\"article\" \/>\n<meta property=\"og:title\" content=\"Foodsmart Telehealth Nutrici\u00f3n - Umpqua Health\" \/>\n<meta property=\"og:description\" content=\"MIEMBROS DE UMPQUA HEALTH Foodsmart Telehealth Nutrici\u00f3n C\u00f3mo funciona Foodsmart es un programa gratuito que ayuda a los miembros de Umpqua Health Alliance a llevar un estilo de vida saludable mediante asesoramiento nutricional virtual individualizado, planes de comidas personalizados y herramientas para ahorrar en la compra. M\u00e1s informaci\u00f3n en los enlaces siguientes:\" \/>\n<meta property=\"og:url\" content=\"https:\/\/www.umpquahealth.com\/es\/miembros\/todas-las-prestaciones-y-programas\/foodsmart-telehealth-nutricion\/\" \/>\n<meta property=\"og:site_name\" content=\"Umpqua Health\" \/>\n<meta property=\"article:publisher\" content=\"https:\/\/www.facebook.com\/UmpquaHealth\/\" \/>\n<meta property=\"article:modified_time\" content=\"2025-07-31T21:07:04+00:00\" \/>\n<meta name=\"twitter:card\" content=\"summary_large_image\" \/>\n<meta name=\"twitter:label1\" content=\"Est. reading time\" \/>\n\t<meta name=\"twitter:data1\" content=\"1 minute\" \/>\n<script type=\"application\/ld+json\" class=\"yoast-schema-graph\">{\"@context\":\"https:\/\/schema.org\",\"@graph\":[{\"@type\":\"WebPage\",\"@id\":\"https:\/\/www.umpquahealth.com\/es\/miembros\/todas-las-prestaciones-y-programas\/foodsmart-telehealth-nutricion\/\",\"url\":\"https:\/\/www.umpquahealth.com\/es\/miembros\/todas-las-prestaciones-y-programas\/foodsmart-telehealth-nutricion\/\",\"name\":\"Foodsmart Telehealth Nutrici\u00f3n - Umpqua Health\",\"isPartOf\":{\"@id\":\"https:\/\/www.umpquahealth.com\/es\/#website\"},\"datePublished\":\"2025-01-24T23:42:36+00:00\",\"dateModified\":\"2025-07-31T21:07:04+00:00\",\"breadcrumb\":{\"@id\":\"https:\/\/www.umpquahealth.com\/es\/miembros\/todas-las-prestaciones-y-programas\/foodsmart-telehealth-nutricion\/#breadcrumb\"},\"inLanguage\":\"es-ES\",\"potentialAction\":[{\"@type\":\"ReadAction\",\"target\":[\"https:\/\/www.umpquahealth.com\/es\/miembros\/todas-las-prestaciones-y-programas\/foodsmart-telehealth-nutricion\/\"]}]},{\"@type\":\"BreadcrumbList\",\"@id\":\"https:\/\/www.umpquahealth.com\/es\/miembros\/todas-las-prestaciones-y-programas\/foodsmart-telehealth-nutricion\/#breadcrumb\",\"itemListElement\":[{\"@type\":\"ListItem\",\"position\":1,\"name\":\"Home\",\"item\":\"https:\/\/www.umpquahealth.com\/es\/\"},{\"@type\":\"ListItem\",\"position\":2,\"name\":\"Miembros\",\"item\":\"https:\/\/www.umpquahealth.com\/es\/miembros\/\"},{\"@type\":\"ListItem\",\"position\":3,\"name\":\"Todas las prestaciones y programas\",\"item\":\"https:\/\/www.umpquahealth.com\/es\/miembros\/todas-las-prestaciones-y-programas\/\"},{\"@type\":\"ListItem\",\"position\":4,\"name\":\"Foodsmart Telehealth Nutrici\u00f3n\"}]},{\"@type\":\"WebSite\",\"@id\":\"https:\/\/www.umpquahealth.com\/es\/#website\",\"url\":\"https:\/\/www.umpquahealth.com\/es\/\",\"name\":\"Umpqua Health\",\"description\":\"Umpqua Health is a mission-driven, community-focused healthcare organization proudly serving Douglas County, Oregon.\",\"publisher\":{\"@id\":\"https:\/\/www.umpquahealth.com\/es\/#organization\"},\"alternateName\":\"UHA\",\"potentialAction\":[{\"@type\":\"SearchAction\",\"target\":{\"@type\":\"EntryPoint\",\"urlTemplate\":\"https:\/\/www.umpquahealth.com\/es\/?s={search_term_string}\"},\"query-input\":{\"@type\":\"PropertyValueSpecification\",\"valueRequired\":true,\"valueName\":\"search_term_string\"}}],\"inLanguage\":\"es-ES\"},{\"@type\":\"Organization\",\"@id\":\"https:\/\/www.umpquahealth.com\/es\/#organization\",\"name\":\"Umpqua Health Alliance\",\"alternateName\":\"UHA\",\"url\":\"https:\/\/www.umpquahealth.com\/es\/\",\"logo\":{\"@type\":\"ImageObject\",\"inLanguage\":\"es-ES\",\"@id\":\"https:\/\/www.umpquahealth.com\/es\/#\/schema\/logo\/image\/\",\"url\":\"https:\/\/www.umpquahealth.com\/wp-content\/uploads\/2025\/01\/umpqua-health-logo-color.svg\",\"contentUrl\":\"https:\/\/www.umpquahealth.com\/wp-content\/uploads\/2025\/01\/umpqua-health-logo-color.svg\",\"width\":200,\"height\":54,\"caption\":\"Umpqua Health Alliance\"},\"image\":{\"@id\":\"https:\/\/www.umpquahealth.com\/es\/#\/schema\/logo\/image\/\"},\"sameAs\":[\"https:\/\/www.facebook.com\/UmpquaHealth\/\",\"https:\/\/www.linkedin.com\/company\/umpqua-health\/\"]}]}<\/script>\n<!-- \/ Yoast SEO plugin. -->","yoast_head_json":{"title":"Foodsmart Telehealth Nutrici\u00f3n - Umpqua Health","robots":{"index":"index","follow":"follow","max-snippet":"max-snippet:-1","max-image-preview":"max-image-preview:large","max-video-preview":"max-video-preview:-1"},"canonical":"https:\/\/www.umpquahealth.com\/es\/miembros\/todas-las-prestaciones-y-programas\/foodsmart-telehealth-nutricion\/","og_locale":"es_ES","og_type":"article","og_title":"Foodsmart Telehealth Nutrici\u00f3n - Umpqua Health","og_description":"MIEMBROS DE UMPQUA HEALTH Foodsmart Telehealth Nutrici\u00f3n C\u00f3mo funciona Foodsmart es un programa gratuito que ayuda a los miembros de Umpqua Health Alliance a llevar un estilo de vida saludable mediante asesoramiento nutricional virtual individualizado, planes de comidas personalizados y herramientas para ahorrar en la compra. M\u00e1s informaci\u00f3n en los enlaces siguientes:","og_url":"https:\/\/www.umpquahealth.com\/es\/miembros\/todas-las-prestaciones-y-programas\/foodsmart-telehealth-nutricion\/","og_site_name":"Umpqua Health","article_publisher":"https:\/\/www.facebook.com\/UmpquaHealth\/","article_modified_time":"2025-07-31T21:07:04+00:00","twitter_card":"summary_large_image","twitter_misc":{"Est. reading time":"1 minute"},"schema":{"@context":"https:\/\/schema.org","@graph":[{"@type":"WebPage","@id":"https:\/\/www.umpquahealth.com\/es\/miembros\/todas-las-prestaciones-y-programas\/foodsmart-telehealth-nutricion\/","url":"https:\/\/www.umpquahealth.com\/es\/miembros\/todas-las-prestaciones-y-programas\/foodsmart-telehealth-nutricion\/","name":"Foodsmart Telehealth Nutrici\u00f3n - Umpqua Health","isPartOf":{"@id":"https:\/\/www.umpquahealth.com\/es\/#website"},"datePublished":"2025-01-24T23:42:36+00:00","dateModified":"2025-07-31T21:07:04+00:00","breadcrumb":{"@id":"https:\/\/www.umpquahealth.com\/es\/miembros\/todas-las-prestaciones-y-programas\/foodsmart-telehealth-nutricion\/#breadcrumb"},"inLanguage":"es-ES","potentialAction":[{"@type":"ReadAction","target":["https:\/\/www.umpquahealth.com\/es\/miembros\/todas-las-prestaciones-y-programas\/foodsmart-telehealth-nutricion\/"]}]},{"@type":"BreadcrumbList","@id":"https:\/\/www.umpquahealth.com\/es\/miembros\/todas-las-prestaciones-y-programas\/foodsmart-telehealth-nutricion\/#breadcrumb","itemListElement":[{"@type":"ListItem","position":1,"name":"Home","item":"https:\/\/www.umpquahealth.com\/es\/"},{"@type":"ListItem","position":2,"name":"Miembros","item":"https:\/\/www.umpquahealth.com\/es\/miembros\/"},{"@type":"ListItem","position":3,"name":"Todas las prestaciones y programas","item":"https:\/\/www.umpquahealth.com\/es\/miembros\/todas-las-prestaciones-y-programas\/"},{"@type":"ListItem","position":4,"name":"Foodsmart Telehealth Nutrici\u00f3n"}]},{"@type":"WebSite","@id":"https:\/\/www.umpquahealth.com\/es\/#website","url":"https:\/\/www.umpquahealth.com\/es\/","name":"Umpqua Health","description":"Umpqua Health is a mission-driven, community-focused healthcare organization proudly serving Douglas County, Oregon.","publisher":{"@id":"https:\/\/www.umpquahealth.com\/es\/#organization"},"alternateName":"UHA","potentialAction":[{"@type":"SearchAction","target":{"@type":"EntryPoint","urlTemplate":"https:\/\/www.umpquahealth.com\/es\/?s={search_term_string}"},"query-input":{"@type":"PropertyValueSpecification","valueRequired":true,"valueName":"search_term_string"}}],"inLanguage":"es-ES"},{"@type":"Organization","@id":"https:\/\/www.umpquahealth.com\/es\/#organization","name":"Umpqua Health Alliance","alternateName":"UHA","url":"https:\/\/www.umpquahealth.com\/es\/","logo":{"@type":"ImageObject","inLanguage":"es-ES","@id":"https:\/\/www.umpquahealth.com\/es\/#\/schema\/logo\/image\/","url":"https:\/\/www.umpquahealth.com\/wp-content\/uploads\/2025\/01\/umpqua-health-logo-color.svg","contentUrl":"https:\/\/www.umpquahealth.com\/wp-content\/uploads\/2025\/01\/umpqua-health-logo-color.svg","width":200,"height":54,"caption":"Umpqua Health Alliance"},"image":{"@id":"https:\/\/www.umpquahealth.com\/es\/#\/schema\/logo\/image\/"},"sameAs":["https:\/\/www.facebook.com\/UmpquaHealth\/","https:\/\/www.linkedin.com\/company\/umpqua-health\/"]}]}},"_links":{"self":[{"href":"https:\/\/www.umpquahealth.com\/es\/wp-json\/wp\/v2\/pages\/12615","targetHints":{"allow":["GET"]}}],"collection":[{"href":"https:\/\/www.umpquahealth.com\/es\/wp-json\/wp\/v2\/pages"}],"about":[{"href":"https:\/\/www.umpquahealth.com\/es\/wp-json\/wp\/v2\/types\/page"}],"author":[{"embeddable":true,"href":"https:\/\/www.umpquahealth.com\/es\/wp-json\/wp\/v2\/users\/1"}],"replies":[{"embeddable":true,"href":"https:\/\/www.umpquahealth.com\/es\/wp-json\/wp\/v2\/comments?post=12615"}],"version-history":[{"count":1,"href":"https:\/\/www.umpquahealth.com\/es\/wp-json\/wp\/v2\/pages\/12615\/revisions"}],"predecessor-version":[{"id":12617,"href":"https:\/\/www.umpquahealth.com\/es\/wp-json\/wp\/v2\/pages\/12615\/revisions\/12617"}],"up":[{"embeddable":true,"href":"https:\/\/www.umpquahealth.com\/es\/wp-json\/wp\/v2\/pages\/12718"}],"wp:attachment":[{"href":"https:\/\/www.umpquahealth.com\/es\/wp-json\/wp\/v2\/media?parent=12615"}],"curies":[{"name":"wp","href":"https:\/\/api.w.org\/{rel}","templated":true}]}}