{"id":12623,"date":"2025-01-28T23:13:51","date_gmt":"2025-01-28T23:13:51","guid":{"rendered":"https:\/\/www.umpquahealth.com\/planificacion-anticipada-de-la-asistencia\/"},"modified":"2025-08-07T15:30:16","modified_gmt":"2025-08-07T15:30:16","slug":"planificacion-anticipada-de-la-asistencia","status":"publish","type":"page","link":"https:\/\/www.umpquahealth.com\/es\/miembros\/todas-las-prestaciones-y-programas\/planificacion-anticipada-de-la-asistencia\/","title":{"rendered":"Planificaci\u00f3n anticipada de la asistencia"},"content":{"rendered":"\n<div class=\"wp-block-stackable-columns alignfull stk-block-columns stk-block stk-be86da4 stk-block-background stk--has-background-overlay\" data-block-id=\"be86da4\"><style>.stk-be86da4 {background-color:var(--theme-palette-color-2, #DBEFF6) !important;background-image:url(https:\/\/www.umpquahealth.com\/wp-content\/uploads\/2025\/02\/right-wave.png) !important;background-position:bottom right !important;background-repeat:no-repeat !important;background-size:470px !important;min-height:424px !important;padding-top:120px !important;padding-bottom:120px !important;margin-bottom:124px !important;}.stk-be86da4:before{background-color:var(--theme-palette-color-2, #DBEFF6) !important;opacity:0 !important;}.stk-be86da4-column{--stk-columns-spacing:0px !important;justify-content:flex-start !important;}@media screen and (max-width:999px){.stk-be86da4 {padding-top:100px !important;padding-bottom:100px !important;}}@media screen and (max-width:689px){.stk-be86da4 {background-size:60% !important;margin-bottom:60px !important;}}<\/style><div class=\"stk-row stk-inner-blocks has-text-align-left stk-block-content stk-content-align stk-be86da4-column stk--flex\">\n<div class=\"wp-block-stackable-column stk-block-column stk-column stk-block stk-2eb61b4\" data-v=\"4\" data-block-id=\"2eb61b4\"><style>.stk-2eb61b4-container{margin-top:0px !important;margin-right:0px !important;margin-bottom:0px !important;margin-left:0px !important;}.stk-2eb61b4-inner-blocks{align-items:flex-start !important;}.stk-2eb61b4 {max-width:900px !important;min-width:auto !important;margin-right:auto !important;margin-left:0px !important;}@media screen and (min-width:690px){.stk-2eb61b4 {flex:var(--stk-flex-grow, 1) 1 calc(66.666% - var(--stk-column-gap, 0px) * 1 \/ 2 ) !important;}}<\/style><div class=\"stk-column-wrapper stk-block-column__content stk-container stk-2eb61b4-container stk--no-background stk--no-padding\"><div class=\"stk--column-flex stk-block-content stk-inner-blocks stk-2eb61b4-inner-blocks\">\n<div class=\"wp-block-stackable-text stk-block-text stk-block stk-0a0a604\" id=\"house-cleaning\" data-block-id=\"0a0a604\"><style>.stk-0a0a604 {margin-bottom:21px !important;}.stk-0a0a604 .stk-block-text__text{font-size:15px !important;color:#005b7b !important;line-height:1em !important;font-weight:700 !important;text-transform:uppercase !important;font-family:\"Figtree\", Sans-serif !important;letter-spacing:0.75px !important;}@media screen and (max-width:999px){.stk-0a0a604 {margin-bottom:10px !important;}.stk-0a0a604 .stk-block-text__text{font-size:15px !important;}}<\/style><p class=\"stk-block-text__text has-text-color has-text-align-left\">MIEMBROS DE UMPQUA HEALTH<\/p><\/div>\n\n\n\n<div class=\"wp-block-stackable-heading stk-block-heading stk-block-heading--v2 stk-block stk-f7d0a2d\" id=\"advanced-care-planning\" data-block-id=\"f7d0a2d\"><style>.stk-f7d0a2d {margin-bottom:32px !important;}.stk-f7d0a2d .stk-block-heading__text{font-size:64px !important;color:#005b7b !important;line-height:71px !important;}@media screen and (max-width:999px){.stk-f7d0a2d .stk-block-heading__text{font-size:64px !important;}}@media screen and (max-width:689px){.stk-f7d0a2d .stk-block-heading__text{font-size:44px !important;}}<\/style><h2 class=\"stk-block-heading__text has-text-color has-palette-color-8-color has-text-align-left\">Planificaci\u00f3n anticipada de la asistencia<\/h2><\/div>\n<\/div><\/div><\/div>\n\n\n\n<div class=\"wp-block-stackable-column stk-block-column stk-column stk-block stk-9701c86\" data-v=\"4\" data-block-id=\"9701c86\"><style>@media screen and (min-width:690px){.stk-9701c86 {flex:var(--stk-flex-grow, 1) 1 calc(33.334% - var(--stk-column-gap, 0px) * 1 \/ 2 ) !important;}}<\/style><div class=\"stk-column-wrapper stk-block-column__content stk-container stk-9701c86-container stk--no-background stk--no-padding\"><div class=\"stk-block-content stk-inner-blocks stk-9701c86-inner-blocks\"><\/div><\/div><\/div>\n<\/div><\/div>\n\n<div class=\"wp-block-stackable-columns stk-block-columns stk-block stk-b4cd079\" data-block-id=\"b4cd079\"><style>.stk-b4cd079 {margin-bottom:84px !important;}@media screen and (max-width:689px){.stk-b4cd079 {margin-bottom:32px !important;}}<\/style><div class=\"stk-row stk-inner-blocks stk-block-content stk-content-align stk-b4cd079-column\">\n<div class=\"wp-block-stackable-column stk-block-column stk-column stk-block stk-31004a8\" data-v=\"4\" data-block-id=\"31004a8\"><style>.stk-31004a8-container{margin-top:0px !important;margin-right:74px !important;margin-bottom:0px !important;margin-left:74px !important;}.stk-31004a8 {align-self:center !important;}<\/style><div class=\"stk-column-wrapper stk-block-column__content stk-container stk-31004a8-container stk--no-background stk--no-padding\"><div class=\"stk-block-content stk-inner-blocks stk-31004a8-inner-blocks\">\n<div class=\"wp-block-stackable-heading stk-block-heading stk-block-heading--v2 stk-block stk-9f23265\" id=\"planning-ahead-for-your-health-care\" data-block-id=\"9f23265\"><style>.stk-9f23265 {margin-bottom:15px !important;}<\/style><h2 class=\"stk-block-heading__text\">Planificar con antelaci\u00f3n su asistencia sanitaria<\/h2><\/div>\n\n\n\n<p style=\"margin-top:15px;margin-right:0px;margin-bottom:15px;margin-left:0px\">La Planificaci\u00f3n Avanzada de Cuidados (PCA) le ayuda a pensar y compartir qu\u00e9 tipo de cuidados m\u00e9dicos desear\u00eda en el futuro. Se trata de hablar con su familia y sus m\u00e9dicos para que sepan qu\u00e9 es lo m\u00e1s importante para usted si se pone muy enfermo o se lesiona. <\/p>\n\n\n\n<p style=\"margin-top:15px;margin-right:0px;margin-bottom:15px;margin-left:0px\">Puedes escribir tus decisiones en un documento legal llamado &#8220;Instrucciones Previas&#8221;. Esto ayuda a tus seres queridos y a tu equipo asistencial a tomar las decisiones correctas si no puedes hablar por ti mismo. <\/p>\n\n\n\n<p style=\"margin-top:15px;margin-right:0px;margin-bottom:15px;margin-left:0px\">Con la ACP, puede informarse sobre las distintas enfermedades y tratamientos. Esto le ayuda a elaborar un plan de cuidados que se ajuste a sus deseos y mantenga su calidad de vida. <\/p>\n\n\n\n<p style=\"margin-top:15px;margin-right:0px;margin-bottom:15px;margin-left:0px\">Cuando sus opciones asistenciales se ponen por escrito y se comparten, los m\u00e9dicos y el personal de enfermer\u00eda pueden asegurarse de que recibe la atenci\u00f3n adecuada en el momento oportuno. La ACP tambi\u00e9n puede ayudarle a no ir al hospital, evitar tratamientos que no desea y obtener el apoyo que necesita, como cuidados paliativos, si llega el momento. <\/p>\n<\/div><\/div><\/div>\n<\/div><\/div>\n\n<div class=\"wp-block-stackable-columns stk-block-columns stk-block stk-e2e2d61\" data-block-id=\"e2e2d61\"><style>.stk-e2e2d61 {margin-bottom:84px !important;}@media screen and (max-width:689px){.stk-e2e2d61 {margin-bottom:32px !important;}}<\/style><div class=\"stk-row stk-inner-blocks stk-block-content stk-content-align stk-e2e2d61-column\">\n<div class=\"wp-block-stackable-column stk-block-column stk-column stk-block stk-9c7c43f\" data-v=\"4\" data-block-id=\"9c7c43f\"><style>.stk-9c7c43f-container{margin-top:0px !important;margin-right:74px !important;margin-bottom:0px !important;margin-left:74px !important;}.stk-9c7c43f {align-self:center !important;}<\/style><div class=\"stk-column-wrapper stk-block-column__content stk-container stk-9c7c43f-container stk--no-background stk--no-padding\"><div class=\"stk-block-content stk-inner-blocks stk-9c7c43f-inner-blocks\">\n<div class=\"wp-block-stackable-heading stk-block-heading stk-block-heading--v2 stk-block stk-70a3ba8\" id=\"why-planning-ahead-matters\" data-block-id=\"70a3ba8\"><style>.stk-70a3ba8 {margin-bottom:15px !important;}<\/style><h2 class=\"stk-block-heading__text\">Por qu\u00e9 es importante planificar con antelaci\u00f3n<\/h2><\/div>\n\n\n\n<p style=\"margin-top:15px;margin-right:0px;margin-bottom:15px;margin-left:0px\">La Planificaci\u00f3n Anticipada de Cuidados (PCA) es importante porque ayuda a las personas a recibir el tipo de cuidados que desean y a evitar los que no desean. Puede hacer que las cosas sean menos estresantes para las familias y ayudarles a sentirse mejor sabiendo que est\u00e1n haciendo lo correcto para su ser querido. <\/p>\n\n\n\n<p>La ACP tambi\u00e9n ayuda a los m\u00e9dicos a hacer mejor su trabajo al saber lo que quieren sus pacientes. Incluso puede ayudar a reducir el coste total de la asistencia evitando tratamientos que no son necesarios. <\/p>\n\n\n\n<p><strong>\u00bfC\u00f3mo puedo obtener servicios de Planificaci\u00f3n Avanzada de Cuidados?<\/strong><\/p>\n\n\n\n<ul class=\"wp-block-list\">\n<li><strong>Llame<\/strong> a nuestro Servicio de Atenci\u00f3n al Cliente al <a href=\"tel:5412294842\">541-229-4842<\/a>, al n\u00famero gratuito <a href=\"tel:8666721551\">866-672-1551<\/a> o al TTY <a href=\"tel:711\">711<\/a><\/li>\n\n\n\n<li><strong>Autorreferencia <\/strong>enviando un correo electr\u00f3nico a <a href=\"mailto:CaseManagement@umpquahealth.com\">CaseManagement@umpquahealth.com<\/a><\/li>\n\n\n\n<li>Hable con <strong>su m\u00e9dico de cabecera<\/strong> o con cualquier otro profesional sanitario y p\u00eddale ayuda para remitirle a un especialista.<\/li>\n<\/ul>\n\n\n\n<div class=\"wp-block-stackable-text stk-block-text stk-block stk-b703f27\" data-block-id=\"b703f27\"><p class=\"stk-block-text__text\"><strong>Los formularios de instrucciones previas y la gu\u00eda del usuario pueden encontrarse <a href=\"https:\/\/www.oregon.gov\/oha\/ph\/about\/pages\/adac-forms.aspx\" style=\"text-decoration:none;\">aqu\u00ed<\/a>.<\/strong><\/p><\/div>\n\n\n\n<hr class=\"wp-block-separator has-alpha-channel-opacity\"\/>\n<\/div><\/div><\/div>\n<\/div><\/div>\n","protected":false},"excerpt":{"rendered":"<p>MIEMBROS DE UMPQUA HEALTH Planificaci\u00f3n anticipada de la asistencia Planificar con antelaci\u00f3n su asistencia sanitaria La Planificaci\u00f3n Avanzada de Cuidados (PCA) le ayuda a pensar y compartir qu\u00e9 tipo de cuidados m\u00e9dicos desear\u00eda en el futuro. Se trata de hablar con su familia y sus m\u00e9dicos para que sepan qu\u00e9 es lo m\u00e1s importante para [&hellip;]<\/p>\n","protected":false},"author":1,"featured_media":0,"parent":12718,"menu_order":0,"comment_status":"closed","ping_status":"closed","template":"","meta":{"_acf_changed":false,"_gspb_post_css":"#gspb_button-id-gsbp-7f2860a{display:flex;justify-content:flex-start}#gspb_button-id-gsbp-7f2860a .gspb-buttonbox-text{display:flex;flex-direction:column}#gspb_button-id-gsbp-7f2860a>.gspb-buttonbox{box-sizing:border-box}#gspb_button-id-gsbp-7f2860a>.gspb-buttonbox>.gspb-buttonbox-textwrap>.gspb-buttonbox-icon{display:flex}#gspb_button-id-gsbp-7f2860a>.gspb-buttonbox .gspb-buttonbox-icon svg,#gspb_button-id-gsbp-7f2860a>.gspb-buttonbox .gspb-buttonbox-icon svg path{fill:var(--wp--preset--color--palette-color-5, var(--theme-palette-color-5, #005B7B))!important}#gspb_button-id-gsbp-7f2860a>.gspb-buttonbox .gspb-buttonbox-icon svg{margin:0!important}#gspb_button-id-gsbp-7f2860a>.gspb-buttonbox:hover .gspb-buttonbox-icon svg,#gspb_button-id-gsbp-7f2860a>.gspb-buttonbox:hover .gspb-buttonbox-icon svg path{fill:var(--theme-link-initial-color, currentColor)!important}#gspb_button-id-gsbp-7f2860a>.gspb-buttonbox>.gspb-buttonbox-textwrap{display:flex;flex-direction:row;align-items:center}#gspb_button-id-gsbp-7f2860a .gspb-buttonbox-icon{margin-left:13px}#gspb_button-id-gsbp-7f2860a>.gspb-buttonbox .gspb-buttonbox-icon{margin-left:6px}#gspb_button-id-gsbp-7f2860a>.gspb-buttonbox{margin-bottom:0;padding-left:0;background-color:#ffffff00;font-weight:700!important}#gspb_button-id-gsbp-7f2860a>.gspb-buttonbox,#gspb_button-id-gsbp-7f2860a>.gspb-buttonbox:hover{color:var(--wp--preset--color--palette-color-13, var(--theme-palette-color-13, #30822C))}","footnotes":""},"class_list":["post-12623","page","type-page","status-publish","hentry"],"blocksy_meta":[],"acf":[],"yoast_head":"<!-- This site is optimized with the Yoast SEO plugin v27.2 - https:\/\/yoast.com\/product\/yoast-seo-wordpress\/ -->\n<title>Planificaci\u00f3n anticipada de la asistencia - Umpqua Health<\/title>\n<meta name=\"robots\" content=\"index, follow, max-snippet:-1, max-image-preview:large, max-video-preview:-1\" \/>\n<link rel=\"canonical\" href=\"https:\/\/www.umpquahealth.com\/es\/miembros\/todas-las-prestaciones-y-programas\/planificacion-anticipada-de-la-asistencia\/\" \/>\n<meta property=\"og:locale\" content=\"es_ES\" \/>\n<meta property=\"og:type\" content=\"article\" \/>\n<meta property=\"og:title\" content=\"Planificaci\u00f3n anticipada de la asistencia - Umpqua Health\" \/>\n<meta property=\"og:description\" content=\"MIEMBROS DE UMPQUA HEALTH Planificaci\u00f3n anticipada de la asistencia Planificar con antelaci\u00f3n su asistencia sanitaria La Planificaci\u00f3n Avanzada de Cuidados (PCA) le ayuda a pensar y compartir qu\u00e9 tipo de cuidados m\u00e9dicos desear\u00eda en el futuro. Se trata de hablar con su familia y sus m\u00e9dicos para que sepan qu\u00e9 es lo m\u00e1s importante para [&hellip;]\" \/>\n<meta property=\"og:url\" content=\"https:\/\/www.umpquahealth.com\/es\/miembros\/todas-las-prestaciones-y-programas\/planificacion-anticipada-de-la-asistencia\/\" \/>\n<meta property=\"og:site_name\" content=\"Umpqua Health\" \/>\n<meta property=\"article:publisher\" content=\"https:\/\/www.facebook.com\/UmpquaHealth\/\" \/>\n<meta property=\"article:modified_time\" content=\"2025-08-07T15:30:16+00:00\" \/>\n<meta name=\"twitter:card\" content=\"summary_large_image\" \/>\n<meta name=\"twitter:label1\" content=\"Est. reading time\" \/>\n\t<meta name=\"twitter:data1\" content=\"2 minutes\" \/>\n<script type=\"application\/ld+json\" class=\"yoast-schema-graph\">{\"@context\":\"https:\/\/schema.org\",\"@graph\":[{\"@type\":\"WebPage\",\"@id\":\"https:\/\/www.umpquahealth.com\/es\/miembros\/todas-las-prestaciones-y-programas\/planificacion-anticipada-de-la-asistencia\/\",\"url\":\"https:\/\/www.umpquahealth.com\/es\/miembros\/todas-las-prestaciones-y-programas\/planificacion-anticipada-de-la-asistencia\/\",\"name\":\"Planificaci\u00f3n anticipada de la asistencia - Umpqua Health\",\"isPartOf\":{\"@id\":\"https:\/\/www.umpquahealth.com\/es\/#website\"},\"datePublished\":\"2025-01-28T23:13:51+00:00\",\"dateModified\":\"2025-08-07T15:30:16+00:00\",\"breadcrumb\":{\"@id\":\"https:\/\/www.umpquahealth.com\/es\/miembros\/todas-las-prestaciones-y-programas\/planificacion-anticipada-de-la-asistencia\/#breadcrumb\"},\"inLanguage\":\"es-ES\",\"potentialAction\":[{\"@type\":\"ReadAction\",\"target\":[\"https:\/\/www.umpquahealth.com\/es\/miembros\/todas-las-prestaciones-y-programas\/planificacion-anticipada-de-la-asistencia\/\"]}]},{\"@type\":\"BreadcrumbList\",\"@id\":\"https:\/\/www.umpquahealth.com\/es\/miembros\/todas-las-prestaciones-y-programas\/planificacion-anticipada-de-la-asistencia\/#breadcrumb\",\"itemListElement\":[{\"@type\":\"ListItem\",\"position\":1,\"name\":\"Home\",\"item\":\"https:\/\/www.umpquahealth.com\/es\/\"},{\"@type\":\"ListItem\",\"position\":2,\"name\":\"Miembros\",\"item\":\"https:\/\/www.umpquahealth.com\/es\/miembros\/\"},{\"@type\":\"ListItem\",\"position\":3,\"name\":\"Todas las prestaciones y programas\",\"item\":\"https:\/\/www.umpquahealth.com\/es\/miembros\/todas-las-prestaciones-y-programas\/\"},{\"@type\":\"ListItem\",\"position\":4,\"name\":\"Planificaci\u00f3n anticipada de la asistencia\"}]},{\"@type\":\"WebSite\",\"@id\":\"https:\/\/www.umpquahealth.com\/es\/#website\",\"url\":\"https:\/\/www.umpquahealth.com\/es\/\",\"name\":\"Umpqua Health\",\"description\":\"Umpqua Health is a mission-driven, community-focused healthcare organization proudly serving Douglas County, Oregon.\",\"publisher\":{\"@id\":\"https:\/\/www.umpquahealth.com\/es\/#organization\"},\"alternateName\":\"UHA\",\"potentialAction\":[{\"@type\":\"SearchAction\",\"target\":{\"@type\":\"EntryPoint\",\"urlTemplate\":\"https:\/\/www.umpquahealth.com\/es\/?s={search_term_string}\"},\"query-input\":{\"@type\":\"PropertyValueSpecification\",\"valueRequired\":true,\"valueName\":\"search_term_string\"}}],\"inLanguage\":\"es-ES\"},{\"@type\":\"Organization\",\"@id\":\"https:\/\/www.umpquahealth.com\/es\/#organization\",\"name\":\"Umpqua Health Alliance\",\"alternateName\":\"UHA\",\"url\":\"https:\/\/www.umpquahealth.com\/es\/\",\"logo\":{\"@type\":\"ImageObject\",\"inLanguage\":\"es-ES\",\"@id\":\"https:\/\/www.umpquahealth.com\/es\/#\/schema\/logo\/image\/\",\"url\":\"https:\/\/www.umpquahealth.com\/wp-content\/uploads\/2025\/01\/umpqua-health-logo-color.svg\",\"contentUrl\":\"https:\/\/www.umpquahealth.com\/wp-content\/uploads\/2025\/01\/umpqua-health-logo-color.svg\",\"width\":200,\"height\":54,\"caption\":\"Umpqua Health Alliance\"},\"image\":{\"@id\":\"https:\/\/www.umpquahealth.com\/es\/#\/schema\/logo\/image\/\"},\"sameAs\":[\"https:\/\/www.facebook.com\/UmpquaHealth\/\",\"https:\/\/www.linkedin.com\/company\/umpqua-health\/\"]}]}<\/script>\n<!-- \/ Yoast SEO plugin. -->","yoast_head_json":{"title":"Planificaci\u00f3n anticipada de la asistencia - Umpqua Health","robots":{"index":"index","follow":"follow","max-snippet":"max-snippet:-1","max-image-preview":"max-image-preview:large","max-video-preview":"max-video-preview:-1"},"canonical":"https:\/\/www.umpquahealth.com\/es\/miembros\/todas-las-prestaciones-y-programas\/planificacion-anticipada-de-la-asistencia\/","og_locale":"es_ES","og_type":"article","og_title":"Planificaci\u00f3n anticipada de la asistencia - Umpqua Health","og_description":"MIEMBROS DE UMPQUA HEALTH Planificaci\u00f3n anticipada de la asistencia Planificar con antelaci\u00f3n su asistencia sanitaria La Planificaci\u00f3n Avanzada de Cuidados (PCA) le ayuda a pensar y compartir qu\u00e9 tipo de cuidados m\u00e9dicos desear\u00eda en el futuro. Se trata de hablar con su familia y sus m\u00e9dicos para que sepan qu\u00e9 es lo m\u00e1s importante para [&hellip;]","og_url":"https:\/\/www.umpquahealth.com\/es\/miembros\/todas-las-prestaciones-y-programas\/planificacion-anticipada-de-la-asistencia\/","og_site_name":"Umpqua Health","article_publisher":"https:\/\/www.facebook.com\/UmpquaHealth\/","article_modified_time":"2025-08-07T15:30:16+00:00","twitter_card":"summary_large_image","twitter_misc":{"Est. reading time":"2 minutes"},"schema":{"@context":"https:\/\/schema.org","@graph":[{"@type":"WebPage","@id":"https:\/\/www.umpquahealth.com\/es\/miembros\/todas-las-prestaciones-y-programas\/planificacion-anticipada-de-la-asistencia\/","url":"https:\/\/www.umpquahealth.com\/es\/miembros\/todas-las-prestaciones-y-programas\/planificacion-anticipada-de-la-asistencia\/","name":"Planificaci\u00f3n anticipada de la asistencia - Umpqua Health","isPartOf":{"@id":"https:\/\/www.umpquahealth.com\/es\/#website"},"datePublished":"2025-01-28T23:13:51+00:00","dateModified":"2025-08-07T15:30:16+00:00","breadcrumb":{"@id":"https:\/\/www.umpquahealth.com\/es\/miembros\/todas-las-prestaciones-y-programas\/planificacion-anticipada-de-la-asistencia\/#breadcrumb"},"inLanguage":"es-ES","potentialAction":[{"@type":"ReadAction","target":["https:\/\/www.umpquahealth.com\/es\/miembros\/todas-las-prestaciones-y-programas\/planificacion-anticipada-de-la-asistencia\/"]}]},{"@type":"BreadcrumbList","@id":"https:\/\/www.umpquahealth.com\/es\/miembros\/todas-las-prestaciones-y-programas\/planificacion-anticipada-de-la-asistencia\/#breadcrumb","itemListElement":[{"@type":"ListItem","position":1,"name":"Home","item":"https:\/\/www.umpquahealth.com\/es\/"},{"@type":"ListItem","position":2,"name":"Miembros","item":"https:\/\/www.umpquahealth.com\/es\/miembros\/"},{"@type":"ListItem","position":3,"name":"Todas las prestaciones y programas","item":"https:\/\/www.umpquahealth.com\/es\/miembros\/todas-las-prestaciones-y-programas\/"},{"@type":"ListItem","position":4,"name":"Planificaci\u00f3n anticipada de la asistencia"}]},{"@type":"WebSite","@id":"https:\/\/www.umpquahealth.com\/es\/#website","url":"https:\/\/www.umpquahealth.com\/es\/","name":"Umpqua Health","description":"Umpqua Health is a mission-driven, community-focused healthcare organization proudly serving Douglas County, Oregon.","publisher":{"@id":"https:\/\/www.umpquahealth.com\/es\/#organization"},"alternateName":"UHA","potentialAction":[{"@type":"SearchAction","target":{"@type":"EntryPoint","urlTemplate":"https:\/\/www.umpquahealth.com\/es\/?s={search_term_string}"},"query-input":{"@type":"PropertyValueSpecification","valueRequired":true,"valueName":"search_term_string"}}],"inLanguage":"es-ES"},{"@type":"Organization","@id":"https:\/\/www.umpquahealth.com\/es\/#organization","name":"Umpqua Health Alliance","alternateName":"UHA","url":"https:\/\/www.umpquahealth.com\/es\/","logo":{"@type":"ImageObject","inLanguage":"es-ES","@id":"https:\/\/www.umpquahealth.com\/es\/#\/schema\/logo\/image\/","url":"https:\/\/www.umpquahealth.com\/wp-content\/uploads\/2025\/01\/umpqua-health-logo-color.svg","contentUrl":"https:\/\/www.umpquahealth.com\/wp-content\/uploads\/2025\/01\/umpqua-health-logo-color.svg","width":200,"height":54,"caption":"Umpqua Health Alliance"},"image":{"@id":"https:\/\/www.umpquahealth.com\/es\/#\/schema\/logo\/image\/"},"sameAs":["https:\/\/www.facebook.com\/UmpquaHealth\/","https:\/\/www.linkedin.com\/company\/umpqua-health\/"]}]}},"_links":{"self":[{"href":"https:\/\/www.umpquahealth.com\/es\/wp-json\/wp\/v2\/pages\/12623","targetHints":{"allow":["GET"]}}],"collection":[{"href":"https:\/\/www.umpquahealth.com\/es\/wp-json\/wp\/v2\/pages"}],"about":[{"href":"https:\/\/www.umpquahealth.com\/es\/wp-json\/wp\/v2\/types\/page"}],"author":[{"embeddable":true,"href":"https:\/\/www.umpquahealth.com\/es\/wp-json\/wp\/v2\/users\/1"}],"replies":[{"embeddable":true,"href":"https:\/\/www.umpquahealth.com\/es\/wp-json\/wp\/v2\/comments?post=12623"}],"version-history":[{"count":1,"href":"https:\/\/www.umpquahealth.com\/es\/wp-json\/wp\/v2\/pages\/12623\/revisions"}],"predecessor-version":[{"id":12624,"href":"https:\/\/www.umpquahealth.com\/es\/wp-json\/wp\/v2\/pages\/12623\/revisions\/12624"}],"up":[{"embeddable":true,"href":"https:\/\/www.umpquahealth.com\/es\/wp-json\/wp\/v2\/pages\/12718"}],"wp:attachment":[{"href":"https:\/\/www.umpquahealth.com\/es\/wp-json\/wp\/v2\/media?parent=12623"}],"curies":[{"name":"wp","href":"https:\/\/api.w.org\/{rel}","templated":true}]}}