{"id":12635,"date":"2025-03-06T00:55:41","date_gmt":"2025-03-06T00:55:41","guid":{"rendered":"https:\/\/www.umpquahealth.com\/linea-directa-de-enfermeria\/"},"modified":"2025-07-31T21:07:04","modified_gmt":"2025-07-31T21:07:04","slug":"linea-directa-de-enfermeria","status":"publish","type":"page","link":"https:\/\/www.umpquahealth.com\/es\/miembros\/todas-las-prestaciones-y-programas\/linea-directa-de-enfermeria\/","title":{"rendered":"L\u00ednea directa de enfermer\u00eda"},"content":{"rendered":"\n<div class=\"wp-block-stackable-columns alignfull stk-block-columns stk-block stk-5dbc8e5 stk-block-background stk--has-background-overlay\" data-block-id=\"5dbc8e5\"><style>.stk-5dbc8e5 {background-color:var(--theme-palette-color-2, #DBEFF6) !important;background-image:url(https:\/\/www.umpquahealth.com\/wp-content\/uploads\/2025\/02\/right-wave.png) !important;background-position:bottom right !important;background-repeat:no-repeat !important;background-size:470px !important;min-height:424px !important;padding-top:120px !important;padding-bottom:120px !important;margin-bottom:124px !important;}.stk-5dbc8e5:before{background-color:var(--theme-palette-color-2, #DBEFF6) !important;opacity:0 !important;}.stk-5dbc8e5-column{--stk-columns-spacing:0px !important;justify-content:flex-start !important;}@media screen and (max-width:999px){.stk-5dbc8e5 {padding-top:100px !important;padding-bottom:100px !important;}}@media screen and (max-width:689px){.stk-5dbc8e5 {background-size:60% !important;margin-bottom:60px !important;}}<\/style><div class=\"stk-row stk-inner-blocks has-text-align-left stk-block-content stk-content-align stk-5dbc8e5-column stk--flex\">\n<div class=\"wp-block-stackable-column stk-block-column stk-column stk-block stk-022f2f6\" data-v=\"4\" data-block-id=\"022f2f6\"><style>.stk-022f2f6-container{margin-top:0px !important;margin-right:0px !important;margin-bottom:0px !important;margin-left:0px !important;}.stk-022f2f6-inner-blocks{align-items:flex-start !important;}.stk-022f2f6 {max-width:900px !important;min-width:auto !important;margin-right:auto !important;margin-left:0px !important;}@media screen and (min-width:690px){.stk-022f2f6 {flex:var(--stk-flex-grow, 1) 1 calc(66.666% - var(--stk-column-gap, 0px) * 1 \/ 2 ) !important;}}<\/style><div class=\"stk-column-wrapper stk-block-column__content stk-container stk-022f2f6-container stk--no-background stk--no-padding\"><div class=\"stk--column-flex stk-block-content stk-inner-blocks stk-022f2f6-inner-blocks\">\n<div class=\"wp-block-stackable-text stk-block-text stk-block stk-68803b9\" id=\"house-cleaning\" data-block-id=\"68803b9\"><style>.stk-68803b9 {margin-bottom:21px !important;}.stk-68803b9 .stk-block-text__text{font-size:15px !important;color:#005b7b !important;line-height:1em !important;font-weight:700 !important;text-transform:uppercase !important;font-family:\"Figtree\", Sans-serif !important;letter-spacing:0.75px !important;}@media screen and (max-width:999px){.stk-68803b9 {margin-bottom:10px !important;}.stk-68803b9 .stk-block-text__text{font-size:15px !important;}}<\/style><p class=\"stk-block-text__text has-text-color has-text-align-left\">Miembros de Umpqua Health<\/p><\/div>\n\n\n\n<div class=\"wp-block-stackable-heading stk-block-heading stk-block-heading--v2 stk-block stk-8db6405\" id=\"nurse-hotline\" data-block-id=\"8db6405\"><style>.stk-8db6405 {margin-bottom:32px !important;}.stk-8db6405 .stk-block-heading__text{font-size:64px !important;color:#005b7b !important;line-height:71px !important;}@media screen and (max-width:999px){.stk-8db6405 .stk-block-heading__text{font-size:64px !important;}}@media screen and (max-width:689px){.stk-8db6405 .stk-block-heading__text{font-size:44px !important;}}<\/style><h2 class=\"stk-block-heading__text has-text-color has-palette-color-8-color has-text-align-left\">L\u00ednea directa de enfermer\u00eda<\/h2><\/div>\n\n\n\n<p>\u00bfNo est\u00e1 seguro de si debe ir al m\u00e9dico? \u00bfTienes alguna duda sobre la tos, la fiebre o un medicamento? Puede llamar a nuestra l\u00ednea directa de enfermer\u00eda 24 horas al d\u00eda, 7 d\u00edas a la semana, de d\u00eda o de noche.  <\/p>\n<\/div><\/div><\/div>\n\n\n\n<div class=\"wp-block-stackable-column stk-block-column stk-column stk-block stk-2a36a4b\" data-v=\"4\" data-block-id=\"2a36a4b\"><style>@media screen and (min-width:690px){.stk-2a36a4b {flex:var(--stk-flex-grow, 1) 1 calc(33.334% - var(--stk-column-gap, 0px) * 1 \/ 2 ) !important;}}<\/style><div class=\"stk-column-wrapper stk-block-column__content stk-container stk-2a36a4b-container stk--no-background stk--no-padding\"><div class=\"stk-block-content stk-inner-blocks stk-2a36a4b-inner-blocks\"><\/div><\/div><\/div>\n<\/div><\/div>\n\n<div class=\"wp-block-stackable-columns stk-block-columns stk-block stk-9cbbde5 stk-block-background\" data-block-id=\"9cbbde5\"><style>.stk-9cbbde5 {background-color:#fbfaf6 !important;border-style:solid !important;border-color:#90c5d0 !important;border-top-width:1px !important;border-right-width:1px !important;border-bottom-width:1px !important;border-left-width:1px !important;padding-top:80px !important;padding-right:84px !important;padding-bottom:80px !important;padding-left:84px !important;margin-bottom:100px !important;}.stk-9cbbde5:before{background-color:#fbfaf6 !important;}.stk-9cbbde5-column{--stk-column-gap:50px !important;row-gap:50px !important;}@media screen and (max-width:999px){.stk-9cbbde5 {padding-top:40px !important;padding-right:44px !important;padding-bottom:40px !important;padding-left:44px !important;}}@media screen and (max-width:689px){.stk-9cbbde5 {padding-top:30px !important;padding-right:30px !important;padding-bottom:30px !important;padding-left:30px !important;}}<\/style><div class=\"stk-row stk-inner-blocks has-text-align-left-tablet stk-block-content stk-content-align stk-9cbbde5-column\">\n<div class=\"wp-block-stackable-column stk-block-column stk-column stk-block stk-df5bf38\" data-v=\"4\" data-block-id=\"df5bf38\"><style>.stk-df5bf38-container{margin-top:0px !important;margin-right:0px !important;margin-bottom:0px !important;margin-left:0px !important;padding-top:0px !important;padding-right:0px !important;padding-bottom:0px !important;padding-left:0px !important;}.stk-df5bf38 {max-width:978px !important;min-width:auto !important;padding-right:0px !important;padding-left:0px !important;margin-right:auto !important;margin-left:auto !important;}<\/style><div class=\"stk-column-wrapper stk-block-column__content stk-container stk-df5bf38-container stk--no-background stk--no-padding\"><div class=\"stk-block-content stk-inner-blocks stk-df5bf38-inner-blocks\">\n<div class=\"wp-block-stackable-heading stk-block-heading stk-block-heading--v2 stk-block stk-7132ed5\" id=\"talk-to-a-nurse-anytime\" data-block-id=\"7132ed5\"><style>.stk-7132ed5 {max-width:978px !important;min-width:auto !important;margin-bottom:14px !important;}.stk-7132ed5 .stk-block-heading__text{color:#005b7b !important;}@media screen and (max-width:999px){.stk-7132ed5 {margin-bottom:20px !important;}.stk-7132ed5 .stk-block-heading__text{font-size:30px !important;}}@media screen and (max-width:689px){.stk-7132ed5 .stk-block-heading__text{font-size:25px !important;}}<\/style><h2 class=\"stk-block-heading__text has-text-color has-palette-color-8-color has-text-align-left-tablet\">Hable con una enfermera en cualquier momento<\/h2><\/div>\n\n\n\n<div class=\"wp-block-stackable-text stk-block-text stk-block stk-d2621b1\" data-block-id=\"d2621b1\"><style>.stk-d2621b1 {margin-bottom:15px !important;}<\/style><p class=\"stk-block-text__text has-text-align-left has-text-align-left-tablet\">  Una enfermera amable y formada atender\u00e1 su llamada y le ayudar\u00e1 a decidir qu\u00e9 hacer a continuaci\u00f3n. La enfermera le dir\u00e1 si debe ir a urgencias, esperar a ver al m\u00e9dico o curarse en casa.   <\/p><\/div>\n\n\n\n<p>Es gratuito para los afiliados y s\u00f3lo hay que llamar cuando se necesita ayuda r\u00e1pidamente. Todas las llamadas son totalmente confidenciales. <\/p>\n\n\n\n<div class=\"wp-block-stackable-columns stk-block-columns stk-block stk-aabf487\" data-block-id=\"aabf487\"><style>.stk-aabf487-column{--stk-columns-spacing:0px !important;--stk-column-gap:28px !important;justify-content:flex-start !important;}<\/style><div class=\"stk-row stk-inner-blocks stk-block-content stk-content-align stk-aabf487-column stk--flex\">\n<div class=\"wp-block-stackable-column stk-block-column stk-column stk-block stk-01347ef\" data-v=\"4\" data-block-id=\"01347ef\"><div class=\"stk-column-wrapper stk-block-column__content stk-container stk-01347ef-container stk--no-background stk--no-padding\"><div class=\"stk-block-content stk-inner-blocks stk-01347ef-inner-blocks\">\n<div class=\"gspb_button_wrapper gspb_button-id-gsbp-e715883\" id=\"gspb_button-id-gsbp-e715883\"><a class=\"wp-block-greenshift-blocks-buttonbox gspb-buttonbox wp-element-button nurseHotline\" href=\"tel:888-516-6166\" rel=\"noopener\"><span class=\"gspb-buttonbox-textwrap\"><span class=\"gspb-buttonbox-text\"><span class=\"gspb-buttonbox-title\">LLAME AL 888-516-6166<\/span><\/span><\/span><\/a><\/div>\n<\/div><\/div><\/div>\n<\/div><\/div>\n<\/div><\/div><\/div>\n<\/div><\/div>\n","protected":false},"excerpt":{"rendered":"<p>Miembros de Umpqua Health L\u00ednea directa de enfermer\u00eda \u00bfNo est\u00e1 seguro de si debe ir al m\u00e9dico? \u00bfTienes alguna duda sobre la tos, la fiebre o un medicamento? Puede llamar a nuestra l\u00ednea directa de enfermer\u00eda 24 horas al d\u00eda, 7 d\u00edas a la semana, de d\u00eda o de noche. Hable con una enfermera en [&hellip;]<\/p>\n","protected":false},"author":1,"featured_media":0,"parent":12718,"menu_order":0,"comment_status":"closed","ping_status":"closed","template":"","meta":{"_acf_changed":false,"_gspb_post_css":"#gspb_button-id-gsbp-e715883{display:flex;justify-content:flex-start}#gspb_button-id-gsbp-e715883 .gspb-buttonbox-text{display:flex;flex-direction:column}#gspb_button-id-gsbp-e715883>.gspb-buttonbox{box-sizing:border-box;padding:12px 33px;background-color:#00000000;font-size:14px;line-height:22px;font-weight:700!important;color:var(--wp--preset--color--palette-color-13, var(--theme-palette-color-13, #30822C));border-style:solid;border-width:2px;border-color:var(--wp--preset--color--palette-color-13, var(--theme-palette-color-13, #30822C))}#gspb_button-id-gsbp-e715883>.gspb-buttonbox:hover{background-color:var(--wp--preset--color--palette-color-13, var(--theme-palette-color-13, #30822C))!important;color:var(--wp--preset--color--palette-color-8, var(--theme-palette-color-8, #FFFFFF))}#gspb_button-id-gsbp-e715883>.gspb-buttonbox,#gspb_button-id-gsbp-e715883>.gspb-buttonbox>.gspb_backgroundOverlay{border-top-left-radius:0;border-top-right-radius:0;border-bottom-right-radius:0;border-bottom-left-radius:0}","footnotes":""},"class_list":["post-12635","page","type-page","status-publish","hentry"],"blocksy_meta":[],"acf":[],"yoast_head":"<!-- This site is optimized with the Yoast SEO plugin v27.2 - https:\/\/yoast.com\/product\/yoast-seo-wordpress\/ -->\n<title>L\u00ednea directa de enfermer\u00eda - Umpqua Health<\/title>\n<meta name=\"robots\" content=\"index, follow, max-snippet:-1, max-image-preview:large, max-video-preview:-1\" \/>\n<link rel=\"canonical\" href=\"https:\/\/www.umpquahealth.com\/es\/miembros\/todas-las-prestaciones-y-programas\/linea-directa-de-enfermeria\/\" \/>\n<meta property=\"og:locale\" content=\"es_ES\" \/>\n<meta property=\"og:type\" content=\"article\" \/>\n<meta property=\"og:title\" content=\"L\u00ednea directa de enfermer\u00eda - Umpqua Health\" \/>\n<meta property=\"og:description\" content=\"Miembros de Umpqua Health L\u00ednea directa de enfermer\u00eda \u00bfNo est\u00e1 seguro de si debe ir al m\u00e9dico? \u00bfTienes alguna duda sobre la tos, la fiebre o un medicamento? Puede llamar a nuestra l\u00ednea directa de enfermer\u00eda 24 horas al d\u00eda, 7 d\u00edas a la semana, de d\u00eda o de noche. Hable con una enfermera en [&hellip;]\" \/>\n<meta property=\"og:url\" content=\"https:\/\/www.umpquahealth.com\/es\/miembros\/todas-las-prestaciones-y-programas\/linea-directa-de-enfermeria\/\" \/>\n<meta property=\"og:site_name\" content=\"Umpqua Health\" \/>\n<meta property=\"article:publisher\" content=\"https:\/\/www.facebook.com\/UmpquaHealth\/\" \/>\n<meta property=\"article:modified_time\" content=\"2025-07-31T21:07:04+00:00\" \/>\n<meta name=\"twitter:card\" content=\"summary_large_image\" \/>\n<meta name=\"twitter:label1\" content=\"Est. reading time\" \/>\n\t<meta name=\"twitter:data1\" content=\"1 minute\" \/>\n<script type=\"application\/ld+json\" class=\"yoast-schema-graph\">{\"@context\":\"https:\/\/schema.org\",\"@graph\":[{\"@type\":\"WebPage\",\"@id\":\"https:\/\/www.umpquahealth.com\/es\/miembros\/todas-las-prestaciones-y-programas\/linea-directa-de-enfermeria\/\",\"url\":\"https:\/\/www.umpquahealth.com\/es\/miembros\/todas-las-prestaciones-y-programas\/linea-directa-de-enfermeria\/\",\"name\":\"L\u00ednea directa de enfermer\u00eda - Umpqua Health\",\"isPartOf\":{\"@id\":\"https:\/\/www.umpquahealth.com\/es\/#website\"},\"datePublished\":\"2025-03-06T00:55:41+00:00\",\"dateModified\":\"2025-07-31T21:07:04+00:00\",\"breadcrumb\":{\"@id\":\"https:\/\/www.umpquahealth.com\/es\/miembros\/todas-las-prestaciones-y-programas\/linea-directa-de-enfermeria\/#breadcrumb\"},\"inLanguage\":\"es-ES\",\"potentialAction\":[{\"@type\":\"ReadAction\",\"target\":[\"https:\/\/www.umpquahealth.com\/es\/miembros\/todas-las-prestaciones-y-programas\/linea-directa-de-enfermeria\/\"]}]},{\"@type\":\"BreadcrumbList\",\"@id\":\"https:\/\/www.umpquahealth.com\/es\/miembros\/todas-las-prestaciones-y-programas\/linea-directa-de-enfermeria\/#breadcrumb\",\"itemListElement\":[{\"@type\":\"ListItem\",\"position\":1,\"name\":\"Home\",\"item\":\"https:\/\/www.umpquahealth.com\/es\/\"},{\"@type\":\"ListItem\",\"position\":2,\"name\":\"Miembros\",\"item\":\"https:\/\/www.umpquahealth.com\/es\/miembros\/\"},{\"@type\":\"ListItem\",\"position\":3,\"name\":\"Todas las prestaciones y programas\",\"item\":\"https:\/\/www.umpquahealth.com\/es\/miembros\/todas-las-prestaciones-y-programas\/\"},{\"@type\":\"ListItem\",\"position\":4,\"name\":\"L\u00ednea directa de enfermer\u00eda\"}]},{\"@type\":\"WebSite\",\"@id\":\"https:\/\/www.umpquahealth.com\/es\/#website\",\"url\":\"https:\/\/www.umpquahealth.com\/es\/\",\"name\":\"Umpqua Health\",\"description\":\"Umpqua Health is a mission-driven, community-focused healthcare organization proudly serving Douglas County, Oregon.\",\"publisher\":{\"@id\":\"https:\/\/www.umpquahealth.com\/es\/#organization\"},\"alternateName\":\"UHA\",\"potentialAction\":[{\"@type\":\"SearchAction\",\"target\":{\"@type\":\"EntryPoint\",\"urlTemplate\":\"https:\/\/www.umpquahealth.com\/es\/?s={search_term_string}\"},\"query-input\":{\"@type\":\"PropertyValueSpecification\",\"valueRequired\":true,\"valueName\":\"search_term_string\"}}],\"inLanguage\":\"es-ES\"},{\"@type\":\"Organization\",\"@id\":\"https:\/\/www.umpquahealth.com\/es\/#organization\",\"name\":\"Umpqua Health Alliance\",\"alternateName\":\"UHA\",\"url\":\"https:\/\/www.umpquahealth.com\/es\/\",\"logo\":{\"@type\":\"ImageObject\",\"inLanguage\":\"es-ES\",\"@id\":\"https:\/\/www.umpquahealth.com\/es\/#\/schema\/logo\/image\/\",\"url\":\"https:\/\/www.umpquahealth.com\/wp-content\/uploads\/2025\/01\/umpqua-health-logo-color.svg\",\"contentUrl\":\"https:\/\/www.umpquahealth.com\/wp-content\/uploads\/2025\/01\/umpqua-health-logo-color.svg\",\"width\":200,\"height\":54,\"caption\":\"Umpqua Health Alliance\"},\"image\":{\"@id\":\"https:\/\/www.umpquahealth.com\/es\/#\/schema\/logo\/image\/\"},\"sameAs\":[\"https:\/\/www.facebook.com\/UmpquaHealth\/\",\"https:\/\/www.linkedin.com\/company\/umpqua-health\/\"]}]}<\/script>\n<!-- \/ Yoast SEO plugin. -->","yoast_head_json":{"title":"L\u00ednea directa de enfermer\u00eda - Umpqua Health","robots":{"index":"index","follow":"follow","max-snippet":"max-snippet:-1","max-image-preview":"max-image-preview:large","max-video-preview":"max-video-preview:-1"},"canonical":"https:\/\/www.umpquahealth.com\/es\/miembros\/todas-las-prestaciones-y-programas\/linea-directa-de-enfermeria\/","og_locale":"es_ES","og_type":"article","og_title":"L\u00ednea directa de enfermer\u00eda - Umpqua Health","og_description":"Miembros de Umpqua Health L\u00ednea directa de enfermer\u00eda \u00bfNo est\u00e1 seguro de si debe ir al m\u00e9dico? \u00bfTienes alguna duda sobre la tos, la fiebre o un medicamento? Puede llamar a nuestra l\u00ednea directa de enfermer\u00eda 24 horas al d\u00eda, 7 d\u00edas a la semana, de d\u00eda o de noche. Hable con una enfermera en [&hellip;]","og_url":"https:\/\/www.umpquahealth.com\/es\/miembros\/todas-las-prestaciones-y-programas\/linea-directa-de-enfermeria\/","og_site_name":"Umpqua Health","article_publisher":"https:\/\/www.facebook.com\/UmpquaHealth\/","article_modified_time":"2025-07-31T21:07:04+00:00","twitter_card":"summary_large_image","twitter_misc":{"Est. reading time":"1 minute"},"schema":{"@context":"https:\/\/schema.org","@graph":[{"@type":"WebPage","@id":"https:\/\/www.umpquahealth.com\/es\/miembros\/todas-las-prestaciones-y-programas\/linea-directa-de-enfermeria\/","url":"https:\/\/www.umpquahealth.com\/es\/miembros\/todas-las-prestaciones-y-programas\/linea-directa-de-enfermeria\/","name":"L\u00ednea directa de enfermer\u00eda - Umpqua Health","isPartOf":{"@id":"https:\/\/www.umpquahealth.com\/es\/#website"},"datePublished":"2025-03-06T00:55:41+00:00","dateModified":"2025-07-31T21:07:04+00:00","breadcrumb":{"@id":"https:\/\/www.umpquahealth.com\/es\/miembros\/todas-las-prestaciones-y-programas\/linea-directa-de-enfermeria\/#breadcrumb"},"inLanguage":"es-ES","potentialAction":[{"@type":"ReadAction","target":["https:\/\/www.umpquahealth.com\/es\/miembros\/todas-las-prestaciones-y-programas\/linea-directa-de-enfermeria\/"]}]},{"@type":"BreadcrumbList","@id":"https:\/\/www.umpquahealth.com\/es\/miembros\/todas-las-prestaciones-y-programas\/linea-directa-de-enfermeria\/#breadcrumb","itemListElement":[{"@type":"ListItem","position":1,"name":"Home","item":"https:\/\/www.umpquahealth.com\/es\/"},{"@type":"ListItem","position":2,"name":"Miembros","item":"https:\/\/www.umpquahealth.com\/es\/miembros\/"},{"@type":"ListItem","position":3,"name":"Todas las prestaciones y programas","item":"https:\/\/www.umpquahealth.com\/es\/miembros\/todas-las-prestaciones-y-programas\/"},{"@type":"ListItem","position":4,"name":"L\u00ednea directa de enfermer\u00eda"}]},{"@type":"WebSite","@id":"https:\/\/www.umpquahealth.com\/es\/#website","url":"https:\/\/www.umpquahealth.com\/es\/","name":"Umpqua Health","description":"Umpqua Health is a mission-driven, community-focused healthcare organization proudly serving Douglas County, Oregon.","publisher":{"@id":"https:\/\/www.umpquahealth.com\/es\/#organization"},"alternateName":"UHA","potentialAction":[{"@type":"SearchAction","target":{"@type":"EntryPoint","urlTemplate":"https:\/\/www.umpquahealth.com\/es\/?s={search_term_string}"},"query-input":{"@type":"PropertyValueSpecification","valueRequired":true,"valueName":"search_term_string"}}],"inLanguage":"es-ES"},{"@type":"Organization","@id":"https:\/\/www.umpquahealth.com\/es\/#organization","name":"Umpqua Health Alliance","alternateName":"UHA","url":"https:\/\/www.umpquahealth.com\/es\/","logo":{"@type":"ImageObject","inLanguage":"es-ES","@id":"https:\/\/www.umpquahealth.com\/es\/#\/schema\/logo\/image\/","url":"https:\/\/www.umpquahealth.com\/wp-content\/uploads\/2025\/01\/umpqua-health-logo-color.svg","contentUrl":"https:\/\/www.umpquahealth.com\/wp-content\/uploads\/2025\/01\/umpqua-health-logo-color.svg","width":200,"height":54,"caption":"Umpqua Health Alliance"},"image":{"@id":"https:\/\/www.umpquahealth.com\/es\/#\/schema\/logo\/image\/"},"sameAs":["https:\/\/www.facebook.com\/UmpquaHealth\/","https:\/\/www.linkedin.com\/company\/umpqua-health\/"]}]}},"_links":{"self":[{"href":"https:\/\/www.umpquahealth.com\/es\/wp-json\/wp\/v2\/pages\/12635","targetHints":{"allow":["GET"]}}],"collection":[{"href":"https:\/\/www.umpquahealth.com\/es\/wp-json\/wp\/v2\/pages"}],"about":[{"href":"https:\/\/www.umpquahealth.com\/es\/wp-json\/wp\/v2\/types\/page"}],"author":[{"embeddable":true,"href":"https:\/\/www.umpquahealth.com\/es\/wp-json\/wp\/v2\/users\/1"}],"replies":[{"embeddable":true,"href":"https:\/\/www.umpquahealth.com\/es\/wp-json\/wp\/v2\/comments?post=12635"}],"version-history":[{"count":1,"href":"https:\/\/www.umpquahealth.com\/es\/wp-json\/wp\/v2\/pages\/12635\/revisions"}],"predecessor-version":[{"id":12636,"href":"https:\/\/www.umpquahealth.com\/es\/wp-json\/wp\/v2\/pages\/12635\/revisions\/12636"}],"up":[{"embeddable":true,"href":"https:\/\/www.umpquahealth.com\/es\/wp-json\/wp\/v2\/pages\/12718"}],"wp:attachment":[{"href":"https:\/\/www.umpquahealth.com\/es\/wp-json\/wp\/v2\/media?parent=12635"}],"curies":[{"name":"wp","href":"https:\/\/api.w.org\/{rel}","templated":true}]}}