{"id":12647,"date":"2025-03-06T18:25:04","date_gmt":"2025-03-06T18:25:04","guid":{"rendered":"https:\/\/www.umpquahealth.com\/manual-del-proveedor\/"},"modified":"2025-07-31T21:00:44","modified_gmt":"2025-07-31T21:00:44","slug":"manual-del-proveedor","status":"publish","type":"page","link":"https:\/\/www.umpquahealth.com\/es\/manual-del-proveedor\/","title":{"rendered":"Manual del proveedor"},"content":{"rendered":"\n<div class=\"wp-block-stackable-columns alignfull stk-block-columns stk-block stk-460b17c stk-block-background stk--has-background-overlay\" data-block-id=\"460b17c\"><style>.stk-460b17c {background-color:var(--theme-palette-color-10, #D7E9D4) !important;background-image:url(https:\/\/www.umpquahealth.com\/wp-content\/uploads\/2025\/02\/right-wave-lichen.png) !important;background-position:bottom right !important;background-repeat:no-repeat !important;background-size:470px !important;min-height:424px !important;padding-top:120px !important;padding-bottom:120px !important;margin-bottom:124px !important;}.stk-460b17c:before{background-color:var(--theme-palette-color-10, #D7E9D4) !important;opacity:0 !important;}.stk-460b17c-column{--stk-columns-spacing:0px !important;justify-content:flex-start !important;}@media screen and (max-width:999px){.stk-460b17c {padding-top:100px !important;padding-bottom:100px !important;}}@media screen and (max-width:689px){.stk-460b17c {background-size:60% !important;margin-bottom:60px !important;}}<\/style><div class=\"stk-row stk-inner-blocks has-text-align-left stk-block-content stk-content-align stk-460b17c-column stk--flex\">\n<div class=\"wp-block-stackable-column stk-block-column stk-column stk-block stk-d35fecf\" data-v=\"4\" data-block-id=\"d35fecf\"><style>.stk-d35fecf-container{margin-top:0px !important;margin-right:0px !important;margin-bottom:0px !important;margin-left:0px !important;}.stk-d35fecf-inner-blocks{align-items:flex-start !important;}.stk-d35fecf {max-width:900px !important;min-width:auto !important;margin-right:auto !important;margin-left:0px !important;}@media screen and (min-width:690px){.stk-d35fecf {flex:var(--stk-flex-grow, 1) 1 calc(66.666% - var(--stk-column-gap, 0px) * 1 \/ 2 ) !important;}}<\/style><div class=\"stk-column-wrapper stk-block-column__content stk-container stk-d35fecf-container stk--no-background stk--no-padding\"><div class=\"stk--column-flex stk-block-content stk-inner-blocks stk-d35fecf-inner-blocks\">\n<div class=\"wp-block-stackable-text stk-block-text stk-block stk-16c2735\" id=\"house-cleaning\" data-block-id=\"16c2735\"><style>.stk-16c2735 {margin-bottom:21px !important;}.stk-16c2735 .stk-block-text__text{font-size:15px !important;color:var(--theme-palette-color-5, #005B7B) !important;line-height:1em !important;font-weight:700 !important;text-transform:uppercase !important;font-family:\"Figtree\", Sans-serif !important;letter-spacing:0.75px !important;}@media screen and (max-width:999px){.stk-16c2735 {margin-bottom:10px !important;}.stk-16c2735 .stk-block-text__text{font-size:15px !important;}}<\/style><p class=\"stk-block-text__text has-text-color has-text-align-left\">Proveedores de Umpqua Health<\/p><\/div>\n\n\n\n<div class=\"wp-block-stackable-heading stk-block-heading stk-block-heading--v2 stk-block stk-8b0ceb4\" id=\"provider-handbook\" data-block-id=\"8b0ceb4\"><style>.stk-8b0ceb4 {margin-bottom:32px !important;}.stk-8b0ceb4 .stk-block-heading__text{font-size:64px !important;color:var(--theme-palette-color-5, #005B7B) !important;line-height:71px !important;}@media screen and (max-width:999px){.stk-8b0ceb4 .stk-block-heading__text{font-size:64px !important;}}@media screen and (max-width:689px){.stk-8b0ceb4 .stk-block-heading__text{font-size:44px !important;}}<\/style><h2 class=\"stk-block-heading__text has-text-color has-palette-color-8-color has-text-align-left\">Manual del proveedor<\/h2><\/div>\n\n\n\n<p>El Manual del Proveedor de Umpqua Health sirve como una gu\u00eda completa para los proveedores de atenci\u00f3n m\u00e9dica. Proporciona informaci\u00f3n esencial sobre pol\u00edticas, procedimientos y recursos para apoyar la prestaci\u00f3n eficaz de servicios y garantizar el cumplimiento. <\/p>\n\n\n\n<div class=\"gspb_button_wrapper gspb_button-id-gsbp-588333f\" id=\"gspb_button-id-gsbp-588333f\"><a class=\"wp-block-greenshift-blocks-buttonbox gspb-buttonbox wp-element-button providerHandbook\" href=\"https:\/\/www.umpquahealth.com\/form\/provider-handbook\/\" rel=\"noopener\"><span class=\"gspb-buttonbox-textwrap\"><span class=\"gspb-buttonbox-text\"><span class=\"gspb-buttonbox-title\">VER MANUAL<\/span><\/span><\/span><\/a><\/div>\n<\/div><\/div><\/div>\n\n\n\n<div class=\"wp-block-stackable-column stk-block-column stk-column stk-block stk-81b85b4\" data-v=\"4\" data-block-id=\"81b85b4\"><style>@media screen and (min-width:690px){.stk-81b85b4 {flex:var(--stk-flex-grow, 1) 1 calc(33.334% - var(--stk-column-gap, 0px) * 1 \/ 2 ) !important;}}<\/style><div class=\"stk-column-wrapper stk-block-column__content stk-container stk-81b85b4-container stk--no-background stk--no-padding\"><div class=\"stk-block-content stk-inner-blocks stk-81b85b4-inner-blocks\"><\/div><\/div><\/div>\n<\/div><\/div>\n\n<div class=\"wp-block-stackable-columns stk-block-columns stk-block stk-b4cd079\" data-block-id=\"b4cd079\"><div class=\"stk-row stk-inner-blocks stk-block-content stk-content-align stk-b4cd079-column\">\n<div class=\"wp-block-stackable-column stk-block-column stk-column stk-block stk-31004a8\" data-v=\"4\" data-block-id=\"31004a8\"><style>.stk-31004a8-container{margin-top:0px !important;margin-right:74px !important;margin-bottom:0px !important;margin-left:74px !important;}.stk-31004a8 {align-self:center !important;}@media screen and (max-width:689px){.stk-31004a8-container{max-width:100% !important;min-width:auto !important;margin-right:auto !important;margin-left:0px !important;}}<\/style><div class=\"stk-column-wrapper stk-block-column__content stk-container stk-31004a8-container stk--no-background stk--no-padding\"><div class=\"stk-block-content stk-inner-blocks stk-31004a8-inner-blocks\">\n<div class=\"wp-block-stackable-heading stk-block-heading stk-block-heading--v2 stk-block stk-9deb936\" id=\"handbook-details\" data-block-id=\"9deb936\"><h2 class=\"stk-block-heading__text\">Detalles del manual<\/h2><\/div>\n\n\n\n<p>En su manual encontrar\u00e1:<\/p>\n\n\n\n<ol start=\"1\" class=\"wp-block-list\">\n<li><strong>Introducci\u00f3n<\/strong>: Ofrece una visi\u00f3n general de Umpqua Health, explicando qu\u00e9 es una Organizaci\u00f3n de Atenci\u00f3n Coordinada y las ventajas del Plan de Salud de Oreg\u00f3n.<\/li>\n\n\n\n<li><strong>Contactos clave<\/strong>: Una lista de contactos importantes con los que los proveedores pueden ponerse en contacto para diversas necesidades y consultas.<\/li>\n\n\n\n<li><strong>Glosario de t\u00e9rminos<\/strong>: Una secci\u00f3n de referencia que define la terminolog\u00eda clave utilizada a lo largo del manual.<\/li>\n\n\n\n<li><strong>Servicios para proveedores<\/strong>: Trata temas esenciales relacionados con los proveedores, como la acreditaci\u00f3n, los acuerdos locum tenens, las responsabilidades de los proveedores de atenci\u00f3n primaria, la disponibilidad de los proveedores, los procedimientos de facturaci\u00f3n, las consideraciones culturales y las directrices de participaci\u00f3n de los proveedores.<\/li>\n\n\n\n<li><strong>Gesti\u00f3n m\u00e9dica<\/strong>: Describe los procedimientos para la cobertura de servicios, las autorizaciones previas, la gesti\u00f3n de farmacias, la atenci\u00f3n urgente, los servicios de salud conductual, la gesti\u00f3n de casos y la garant\u00eda de calidad. Tambi\u00e9n incluye pol\u00edticas importantes relativas a la atenci\u00f3n de urgencia y los servicios hospitalarios. <\/li>\n\n\n\n<li><strong>Presentaci\u00f3n de solicitudes<\/strong>: Proporciona instrucciones detalladas sobre c\u00f3mo presentar reclamaciones, incluidas las directrices para las reclamaciones en papel y electr\u00f3nicas, la verificaci\u00f3n de la elegibilidad, las denegaciones de reclamaciones y el proceso de apelaci\u00f3n.<\/li>\n\n\n\n<li><strong>Prestaciones y servicios<\/strong>: Describe las prestaciones disponibles en el Plan de Salud de Oreg\u00f3n, incluidos los servicios preventivos, la atenci\u00f3n a la maternidad, las prestaciones oftalmol\u00f3gicas y auditivas, los servicios dentales, el transporte m\u00e9dico de urgencia, etc.<\/li>\n\n\n\n<li><strong>Derechos y responsabilidades de los afiliados<\/strong>: Describe los derechos y responsabilidades de los afiliados, incluida la forma en que los proveedores deben gestionar las reclamaciones, apelaciones y defensa del paciente. Tambi\u00e9n aborda las normas de acceso a la atenci\u00f3n para afiliados con necesidades especiales. <\/li>\n\n\n\n<li><strong>Documentaci\u00f3n<\/strong>: Define los requisitos de documentaci\u00f3n necesarios, incluidos los historiales m\u00e9dicos, las voluntades anticipadas y el cumplimiento de leyes de privacidad como la HIPAA.<\/li>\n\n\n\n<li><strong>Cumplimiento<\/strong>: Proporciona informaci\u00f3n sobre las pol\u00edticas de cumplimiento de Umpqua Health, incluido el c\u00f3digo de conducta, la prevenci\u00f3n del fraude y los procedimientos de notificaci\u00f3n de preocupaciones relacionadas con el fraude, el despilfarro y el abuso.<\/li>\n<\/ol>\n\n\n\n<hr class=\"wp-block-separator has-alpha-channel-opacity\" \/>\n\n\n\n<div class=\"gspb_button_wrapper gspb_button-id-gsbp-e42acdb\" id=\"gspb_button-id-gsbp-e42acdb\"><a class=\"wp-block-greenshift-blocks-buttonbox gspb-buttonbox wp-element-button providerHandbook\" href=\"https:\/\/www.umpquahealth.com\/form\/provider-handbook\/\" rel=\"noopener\"><span class=\"gspb-buttonbox-textwrap\"><span class=\"gspb-buttonbox-text\"><span class=\"gspb-buttonbox-title\">VER MANUAL<\/span><\/span><\/span><\/a><\/div>\n<\/div><\/div><\/div>\n<\/div><\/div>\n","protected":false},"excerpt":{"rendered":"<p>Proveedores de Umpqua Health Manual del proveedor El Manual del Proveedor de Umpqua Health sirve como una gu\u00eda completa para los proveedores de atenci\u00f3n m\u00e9dica. Proporciona informaci\u00f3n esencial sobre pol\u00edticas, procedimientos y recursos para apoyar la prestaci\u00f3n eficaz de servicios y garantizar el cumplimiento. Detalles del manual En su manual encontrar\u00e1:<\/p>\n","protected":false},"author":1,"featured_media":0,"parent":0,"menu_order":0,"comment_status":"closed","ping_status":"closed","template":"","meta":{"_acf_changed":false,"_gspb_post_css":"#gspb_button-id-gsbp-588333f,#gspb_button-id-gsbp-e42acdb{display:flex;justify-content:flex-start}#gspb_button-id-gsbp-588333f .gspb-buttonbox-text{display:flex;flex-direction:column}#gspb_button-id-gsbp-588333f>.gspb-buttonbox{box-sizing:border-box;padding:12px 33px;background-color:var(--wp--preset--color--palette-color-15, var(--theme-palette-color-15, #E0AE02));font-size:14px;line-height:22px;font-weight:700!important;color:var(--wp--preset--color--palette-color-9, var(--theme-palette-color-9, #13262D))}#gspb_button-id-gsbp-588333f>.gspb-buttonbox:hover{background-color:var(--wp--preset--color--palette-color-14, var(--theme-palette-color-14, #E8CE66))!important}#gspb_button-id-gsbp-588333f>.gspb-buttonbox,#gspb_button-id-gsbp-588333f>.gspb-buttonbox>.gspb_backgroundOverlay{border-top-left-radius:0;border-top-right-radius:0;border-bottom-right-radius:0;border-bottom-left-radius:0}#gspb_button-id-gsbp-e42acdb .gspb-buttonbox-text{display:flex;flex-direction:column}#gspb_button-id-gsbp-e42acdb>.gspb-buttonbox{box-sizing:border-box;margin-bottom:20px;padding:12px 33px;background-color:#00000000;font-size:14px;line-height:22px;font-weight:700!important;color:var(--wp--preset--color--palette-color-13, var(--theme-palette-color-13, #30822C));border-style:solid;border-width:2px;border-color:var(--wp--preset--color--palette-color-13, var(--theme-palette-color-13, #30822C))}#gspb_button-id-gsbp-e42acdb>.gspb-buttonbox:hover{background-color:var(--wp--preset--color--palette-color-13, var(--theme-palette-color-13, #30822C))!important;color:var(--wp--preset--color--palette-color-8, var(--theme-palette-color-8, #FFFFFF))}#gspb_button-id-gsbp-e42acdb>.gspb-buttonbox,#gspb_button-id-gsbp-e42acdb>.gspb-buttonbox>.gspb_backgroundOverlay{border-top-left-radius:0;border-top-right-radius:0;border-bottom-right-radius:0;border-bottom-left-radius:0}body.gspb-bodyfront #gspb_button-id-gsbp-e42acdb{position:relative}","footnotes":""},"class_list":["post-12647","page","type-page","status-publish","hentry"],"blocksy_meta":[],"acf":[],"yoast_head":"<!-- This site is optimized with the Yoast SEO plugin v27.2 - https:\/\/yoast.com\/product\/yoast-seo-wordpress\/ -->\n<title>Manual del proveedor - Umpqua Health<\/title>\n<meta name=\"robots\" content=\"index, follow, max-snippet:-1, max-image-preview:large, max-video-preview:-1\" \/>\n<link rel=\"canonical\" href=\"https:\/\/www.umpquahealth.com\/es\/manual-del-proveedor\/\" \/>\n<meta property=\"og:locale\" content=\"es_ES\" \/>\n<meta property=\"og:type\" content=\"article\" \/>\n<meta property=\"og:title\" content=\"Manual del proveedor - Umpqua Health\" \/>\n<meta property=\"og:description\" content=\"Proveedores de Umpqua Health Manual del proveedor El Manual del Proveedor de Umpqua Health sirve como una gu\u00eda completa para los proveedores de atenci\u00f3n m\u00e9dica. Proporciona informaci\u00f3n esencial sobre pol\u00edticas, procedimientos y recursos para apoyar la prestaci\u00f3n eficaz de servicios y garantizar el cumplimiento. Detalles del manual En su manual encontrar\u00e1:\" \/>\n<meta property=\"og:url\" content=\"https:\/\/www.umpquahealth.com\/es\/manual-del-proveedor\/\" \/>\n<meta property=\"og:site_name\" content=\"Umpqua Health\" \/>\n<meta property=\"article:publisher\" content=\"https:\/\/www.facebook.com\/UmpquaHealth\/\" \/>\n<meta property=\"article:modified_time\" content=\"2025-07-31T21:00:44+00:00\" \/>\n<meta name=\"twitter:card\" content=\"summary_large_image\" \/>\n<meta name=\"twitter:label1\" content=\"Est. reading time\" \/>\n\t<meta name=\"twitter:data1\" content=\"2 minutes\" \/>\n<script type=\"application\/ld+json\" class=\"yoast-schema-graph\">{\"@context\":\"https:\/\/schema.org\",\"@graph\":[{\"@type\":\"WebPage\",\"@id\":\"https:\/\/www.umpquahealth.com\/es\/manual-del-proveedor\/\",\"url\":\"https:\/\/www.umpquahealth.com\/es\/manual-del-proveedor\/\",\"name\":\"Manual del proveedor - Umpqua Health\",\"isPartOf\":{\"@id\":\"https:\/\/www.umpquahealth.com\/es\/#website\"},\"datePublished\":\"2025-03-06T18:25:04+00:00\",\"dateModified\":\"2025-07-31T21:00:44+00:00\",\"breadcrumb\":{\"@id\":\"https:\/\/www.umpquahealth.com\/es\/manual-del-proveedor\/#breadcrumb\"},\"inLanguage\":\"es-ES\",\"potentialAction\":[{\"@type\":\"ReadAction\",\"target\":[\"https:\/\/www.umpquahealth.com\/es\/manual-del-proveedor\/\"]}]},{\"@type\":\"BreadcrumbList\",\"@id\":\"https:\/\/www.umpquahealth.com\/es\/manual-del-proveedor\/#breadcrumb\",\"itemListElement\":[{\"@type\":\"ListItem\",\"position\":1,\"name\":\"Home\",\"item\":\"https:\/\/www.umpquahealth.com\/es\/\"},{\"@type\":\"ListItem\",\"position\":2,\"name\":\"Manual del proveedor\"}]},{\"@type\":\"WebSite\",\"@id\":\"https:\/\/www.umpquahealth.com\/es\/#website\",\"url\":\"https:\/\/www.umpquahealth.com\/es\/\",\"name\":\"Umpqua Health\",\"description\":\"Umpqua Health is a mission-driven, community-focused healthcare organization proudly serving Douglas County, Oregon.\",\"publisher\":{\"@id\":\"https:\/\/www.umpquahealth.com\/es\/#organization\"},\"alternateName\":\"UHA\",\"potentialAction\":[{\"@type\":\"SearchAction\",\"target\":{\"@type\":\"EntryPoint\",\"urlTemplate\":\"https:\/\/www.umpquahealth.com\/es\/?s={search_term_string}\"},\"query-input\":{\"@type\":\"PropertyValueSpecification\",\"valueRequired\":true,\"valueName\":\"search_term_string\"}}],\"inLanguage\":\"es-ES\"},{\"@type\":\"Organization\",\"@id\":\"https:\/\/www.umpquahealth.com\/es\/#organization\",\"name\":\"Umpqua Health Alliance\",\"alternateName\":\"UHA\",\"url\":\"https:\/\/www.umpquahealth.com\/es\/\",\"logo\":{\"@type\":\"ImageObject\",\"inLanguage\":\"es-ES\",\"@id\":\"https:\/\/www.umpquahealth.com\/es\/#\/schema\/logo\/image\/\",\"url\":\"https:\/\/www.umpquahealth.com\/wp-content\/uploads\/2025\/01\/umpqua-health-logo-color.svg\",\"contentUrl\":\"https:\/\/www.umpquahealth.com\/wp-content\/uploads\/2025\/01\/umpqua-health-logo-color.svg\",\"width\":200,\"height\":54,\"caption\":\"Umpqua Health Alliance\"},\"image\":{\"@id\":\"https:\/\/www.umpquahealth.com\/es\/#\/schema\/logo\/image\/\"},\"sameAs\":[\"https:\/\/www.facebook.com\/UmpquaHealth\/\",\"https:\/\/www.linkedin.com\/company\/umpqua-health\/\"]}]}<\/script>\n<!-- \/ Yoast SEO plugin. -->","yoast_head_json":{"title":"Manual del proveedor - Umpqua Health","robots":{"index":"index","follow":"follow","max-snippet":"max-snippet:-1","max-image-preview":"max-image-preview:large","max-video-preview":"max-video-preview:-1"},"canonical":"https:\/\/www.umpquahealth.com\/es\/manual-del-proveedor\/","og_locale":"es_ES","og_type":"article","og_title":"Manual del proveedor - Umpqua Health","og_description":"Proveedores de Umpqua Health Manual del proveedor El Manual del Proveedor de Umpqua Health sirve como una gu\u00eda completa para los proveedores de atenci\u00f3n m\u00e9dica. Proporciona informaci\u00f3n esencial sobre pol\u00edticas, procedimientos y recursos para apoyar la prestaci\u00f3n eficaz de servicios y garantizar el cumplimiento. Detalles del manual En su manual encontrar\u00e1:","og_url":"https:\/\/www.umpquahealth.com\/es\/manual-del-proveedor\/","og_site_name":"Umpqua Health","article_publisher":"https:\/\/www.facebook.com\/UmpquaHealth\/","article_modified_time":"2025-07-31T21:00:44+00:00","twitter_card":"summary_large_image","twitter_misc":{"Est. reading time":"2 minutes"},"schema":{"@context":"https:\/\/schema.org","@graph":[{"@type":"WebPage","@id":"https:\/\/www.umpquahealth.com\/es\/manual-del-proveedor\/","url":"https:\/\/www.umpquahealth.com\/es\/manual-del-proveedor\/","name":"Manual del proveedor - Umpqua Health","isPartOf":{"@id":"https:\/\/www.umpquahealth.com\/es\/#website"},"datePublished":"2025-03-06T18:25:04+00:00","dateModified":"2025-07-31T21:00:44+00:00","breadcrumb":{"@id":"https:\/\/www.umpquahealth.com\/es\/manual-del-proveedor\/#breadcrumb"},"inLanguage":"es-ES","potentialAction":[{"@type":"ReadAction","target":["https:\/\/www.umpquahealth.com\/es\/manual-del-proveedor\/"]}]},{"@type":"BreadcrumbList","@id":"https:\/\/www.umpquahealth.com\/es\/manual-del-proveedor\/#breadcrumb","itemListElement":[{"@type":"ListItem","position":1,"name":"Home","item":"https:\/\/www.umpquahealth.com\/es\/"},{"@type":"ListItem","position":2,"name":"Manual del proveedor"}]},{"@type":"WebSite","@id":"https:\/\/www.umpquahealth.com\/es\/#website","url":"https:\/\/www.umpquahealth.com\/es\/","name":"Umpqua Health","description":"Umpqua Health is a mission-driven, community-focused healthcare organization proudly serving Douglas County, Oregon.","publisher":{"@id":"https:\/\/www.umpquahealth.com\/es\/#organization"},"alternateName":"UHA","potentialAction":[{"@type":"SearchAction","target":{"@type":"EntryPoint","urlTemplate":"https:\/\/www.umpquahealth.com\/es\/?s={search_term_string}"},"query-input":{"@type":"PropertyValueSpecification","valueRequired":true,"valueName":"search_term_string"}}],"inLanguage":"es-ES"},{"@type":"Organization","@id":"https:\/\/www.umpquahealth.com\/es\/#organization","name":"Umpqua Health Alliance","alternateName":"UHA","url":"https:\/\/www.umpquahealth.com\/es\/","logo":{"@type":"ImageObject","inLanguage":"es-ES","@id":"https:\/\/www.umpquahealth.com\/es\/#\/schema\/logo\/image\/","url":"https:\/\/www.umpquahealth.com\/wp-content\/uploads\/2025\/01\/umpqua-health-logo-color.svg","contentUrl":"https:\/\/www.umpquahealth.com\/wp-content\/uploads\/2025\/01\/umpqua-health-logo-color.svg","width":200,"height":54,"caption":"Umpqua Health Alliance"},"image":{"@id":"https:\/\/www.umpquahealth.com\/es\/#\/schema\/logo\/image\/"},"sameAs":["https:\/\/www.facebook.com\/UmpquaHealth\/","https:\/\/www.linkedin.com\/company\/umpqua-health\/"]}]}},"_links":{"self":[{"href":"https:\/\/www.umpquahealth.com\/es\/wp-json\/wp\/v2\/pages\/12647","targetHints":{"allow":["GET"]}}],"collection":[{"href":"https:\/\/www.umpquahealth.com\/es\/wp-json\/wp\/v2\/pages"}],"about":[{"href":"https:\/\/www.umpquahealth.com\/es\/wp-json\/wp\/v2\/types\/page"}],"author":[{"embeddable":true,"href":"https:\/\/www.umpquahealth.com\/es\/wp-json\/wp\/v2\/users\/1"}],"replies":[{"embeddable":true,"href":"https:\/\/www.umpquahealth.com\/es\/wp-json\/wp\/v2\/comments?post=12647"}],"version-history":[{"count":1,"href":"https:\/\/www.umpquahealth.com\/es\/wp-json\/wp\/v2\/pages\/12647\/revisions"}],"predecessor-version":[{"id":12648,"href":"https:\/\/www.umpquahealth.com\/es\/wp-json\/wp\/v2\/pages\/12647\/revisions\/12648"}],"wp:attachment":[{"href":"https:\/\/www.umpquahealth.com\/es\/wp-json\/wp\/v2\/media?parent=12647"}],"curies":[{"name":"wp","href":"https:\/\/api.w.org\/{rel}","templated":true}]}}