{"id":14418,"date":"2025-09-19T23:19:27","date_gmt":"2025-09-19T23:19:27","guid":{"rendered":"https:\/\/www.umpquahealth.com\/alertas-y-actualizaciones\/"},"modified":"2025-09-23T16:08:18","modified_gmt":"2025-09-23T16:08:18","slug":"alertas-y-actualizaciones-17-de-septiembre-de-2025","status":"publish","type":"page","link":"https:\/\/www.umpquahealth.com\/es\/alertas-y-actualizaciones\/alertas-y-actualizaciones-17-de-septiembre-de-2025\/","title":{"rendered":"Alertas y actualizaciones 17 de septiembre de 2025"},"content":{"rendered":"\n<div class=\"wp-block-stackable-columns alignfull stk-block-columns stk-block stk-460b17c stk-block-background stk--has-background-overlay\" data-block-id=\"460b17c\"><style>.stk-460b17c {background-color:var(--theme-palette-color-2, #DBEFF6) !important;background-image:url(https:\/\/www.umpquahealth.com\/wp-content\/uploads\/2025\/02\/right-wave.png) !important;background-position:bottom right !important;background-repeat:no-repeat !important;background-size:470px !important;min-height:424px !important;padding-top:120px !important;padding-bottom:120px !important;margin-bottom:124px !important;}.stk-460b17c:before{background-color:var(--theme-palette-color-2, #DBEFF6) !important;opacity:0 !important;}.stk-460b17c-column{--stk-columns-spacing:0px !important;justify-content:flex-start !important;}@media screen and (max-width:999px){.stk-460b17c {padding-top:100px !important;padding-bottom:100px !important;}}@media screen and (max-width:689px){.stk-460b17c {background-size:60% !important;margin-bottom:60px !important;}}<\/style><div class=\"stk-row stk-inner-blocks has-text-align-left stk-block-content stk-content-align stk-460b17c-column stk--flex\">\n<div class=\"wp-block-stackable-column stk-block-column stk-column stk-block stk-d35fecf\" data-v=\"4\" data-block-id=\"d35fecf\"><style>.stk-d35fecf-container{margin-top:0px !important;margin-right:0px !important;margin-bottom:0px !important;margin-left:0px !important;}.stk-d35fecf-inner-blocks{align-items:flex-start !important;}.stk-d35fecf {max-width:900px !important;min-width:auto !important;margin-right:auto !important;margin-left:0px !important;}@media screen and (min-width:690px){.stk-d35fecf {flex:var(--stk-flex-grow, 1) 1 calc(66.666% - var(--stk-column-gap, 0px) * 1 \/ 2 ) !important;}}<\/style><div class=\"stk-column-wrapper stk-block-column__content stk-container stk-d35fecf-container stk--no-background stk--no-padding\"><div class=\"stk--column-flex stk-block-content stk-inner-blocks stk-d35fecf-inner-blocks\">\n<div class=\"wp-block-stackable-text stk-block-text stk-block stk-16c2735\" id=\"house-cleaning\" data-block-id=\"16c2735\"><style>.stk-16c2735 {margin-bottom:21px !important;}.stk-16c2735 .stk-block-text__text{font-size:15px !important;color:#005b7b !important;line-height:1em !important;font-weight:700 !important;text-transform:uppercase !important;font-family:\"Figtree\", Sans-serif !important;letter-spacing:0.75px !important;}@media screen and (max-width:999px){.stk-16c2735 {margin-bottom:10px !important;}.stk-16c2735 .stk-block-text__text{font-size:15px !important;}}<\/style><p class=\"stk-block-text__text has-text-color has-text-align-left\">Umpqua Health MIEMBROS<\/p><\/div>\n\n\n\n<div class=\"wp-block-stackable-heading stk-block-heading stk-block-heading--v2 stk-block stk-8b0ceb4\" id=\"alerts-amp-updates\" data-block-id=\"8b0ceb4\"><style>.stk-8b0ceb4 {margin-bottom:32px !important;}.stk-8b0ceb4 .stk-block-heading__text{font-size:64px !important;color:#005b7b !important;line-height:71px !important;}@media screen and (max-width:999px){.stk-8b0ceb4 .stk-block-heading__text{font-size:64px !important;}}@media screen and (max-width:689px){.stk-8b0ceb4 .stk-block-heading__text{font-size:44px !important;}}<\/style><h2 class=\"stk-block-heading__text has-text-color has-palette-color-8-color has-text-align-left\">Alertas y actualizaciones<\/h2><\/div>\n\n\n\n<div class=\"wp-block-stackable-text stk-block-text stk-block stk-d2621b1\" data-block-id=\"d2621b1\"><style>.stk-d2621b1 {margin-bottom:15px !important;}<\/style><p class=\"stk-block-text__text has-text-align-left has-text-align-left-tablet\">Mant\u00e9ngase informado sobre actualizaciones importantes que puedan afectar a su atenci\u00f3n, prestaciones o servicios. Aqu\u00ed encontrar\u00e1 las \u00faltimas alertas y avisos de Umpqua Health Alliance, incluidos avisos sanitarios, cambios en las farmacias, actualizaciones de cobertura e informaci\u00f3n de seguridad p\u00fablica. <\/p><\/div>\n<\/div><\/div><\/div>\n\n\n\n<div class=\"wp-block-stackable-column stk-block-column stk-column stk-block stk-81b85b4\" data-v=\"4\" data-block-id=\"81b85b4\"><style>@media screen and (min-width:690px){.stk-81b85b4 {flex:var(--stk-flex-grow, 1) 1 calc(33.334% - var(--stk-column-gap, 0px) * 1 \/ 2 ) !important;}}<\/style><div class=\"stk-column-wrapper stk-block-column__content stk-container stk-81b85b4-container stk--no-background stk--no-padding\"><div class=\"stk-block-content stk-inner-blocks stk-81b85b4-inner-blocks\"><\/div><\/div><\/div>\n<\/div><\/div>\n\n<div class=\"wp-block-stackable-columns stk-block-columns stk-block stk-9cbbde5 stk-block-background\" data-block-id=\"9cbbde5\"><style>.stk-9cbbde5 {background-color:#fbfaf6 !important;border-style:solid !important;border-color:#90c5d0 !important;border-top-width:1px !important;border-right-width:1px !important;border-bottom-width:1px !important;border-left-width:1px !important;padding-top:80px !important;padding-right:84px !important;padding-bottom:80px !important;padding-left:84px !important;margin-bottom:84px !important;}.stk-9cbbde5:before{background-color:#fbfaf6 !important;}.stk-9cbbde5-column{--stk-column-gap:50px !important;row-gap:50px !important;}@media screen and (max-width:999px){.stk-9cbbde5 {padding-top:40px !important;padding-right:44px !important;padding-bottom:40px !important;padding-left:44px !important;}}@media screen and (max-width:689px){.stk-9cbbde5 {padding-top:30px !important;padding-right:30px !important;padding-bottom:30px !important;padding-left:30px !important;margin-bottom:32px !important;}}<\/style><div class=\"stk-row stk-inner-blocks has-text-align-left-tablet stk-block-content stk-content-align stk-9cbbde5-column\">\n<div class=\"wp-block-stackable-column stk-block-column stk-column stk-block stk-df5bf38\" data-v=\"4\" data-block-id=\"df5bf38\"><style>.stk-df5bf38-container{margin-top:0px !important;margin-right:0px !important;margin-bottom:0px !important;margin-left:0px !important;padding-top:0px !important;padding-right:0px !important;padding-bottom:0px !important;padding-left:0px !important;}.stk-df5bf38 {max-width:978px !important;min-width:auto !important;padding-right:0px !important;padding-left:0px !important;margin-right:auto !important;margin-left:auto !important;}<\/style><div class=\"stk-column-wrapper stk-block-column__content stk-container stk-df5bf38-container stk--no-background stk--no-padding\"><div class=\"stk-block-content stk-inner-blocks stk-df5bf38-inner-blocks\">\n<div class=\"wp-block-stackable-heading stk-block-heading stk-block-heading--v2 stk-block stk-2b154b6\" id=\"september-19-2025\" data-block-id=\"2b154b6\"><style>.stk-2b154b6 {padding-top:0px !important;padding-right:0px !important;padding-bottom:0px !important;padding-left:0px !important;margin-bottom:0px !important;}<\/style><h5 class=\"stk-block-heading__text\">19 de septiembre de 2025<\/h5><\/div>\n\n\n\n<div class=\"wp-block-stackable-heading stk-block-heading stk-block-heading--v2 stk-block stk-9f23265\" id=\"covid-19-and-flu-shots\" data-block-id=\"9f23265\"><style>.stk-9f23265 {margin-bottom:15px !important;}<\/style><h2 class=\"stk-block-heading__text\">COVID-19 y vacunas antigripales<\/h2><\/div>\n\n\n\n<p>La Autoridad Sanitaria de Oreg\u00f3n es consciente de que, en respuesta a los recientes cambios en la pol\u00edtica federal y a la falta de orientaci\u00f3n federal, algunas farmacias est\u00e1n limitando las citas para las nuevas vacunas COVID-19.<\/p>\n\n\n\n<p>La nueva vacuna COVID-19 fue aprobada el 27 de agosto de 2025, pero los asesores nacionales todav\u00eda est\u00e1n ultimando las directrices sobre qui\u00e9n debe recibirla y c\u00f3mo. Hasta que se publiquen esas directrices, las farmacias de Oreg\u00f3n necesitan una receta m\u00e9dica para administrar la vacuna. Este retraso est\u00e1 causando confusi\u00f3n e interrupciones en el acceso a las farmacias locales.  <\/p>\n\n\n\n<p>Debido a estas circunstancias, existen dos formas de recibir la vacuna COVID-19 actualizada:<\/p>\n\n\n\n<ul class=\"wp-block-list\">\n<li>Por prescripci\u00f3n del proveedor, cumplimentada por un farmac\u00e9utico.<\/li>\n\n\n\n<li>En la consulta del m\u00e9dico.<\/li>\n<\/ul>\n\n\n\n<p>Actualmente, la OHA est\u00e1 coordinando esta cuesti\u00f3n con la Oficina del Gobernador, las farmacias, la Junta de Farmacias de Oreg\u00f3n, los socios locales de salud p\u00fablica y los proveedores cl\u00ednicos. Tambi\u00e9n nos hemos unido a Washington, California y Hawai en la Alianza de Salud de la Costa Oeste, para que podamos proporcionar informaci\u00f3n clara, basada en la evidencia enraizada en d\u00e9cadas de ciencia establecida. Publicaremos informaci\u00f3n actualizada sobre esta situaci\u00f3n a medida que se publiquen directrices. Mientras tanto, hable con su proveedor y p\u00f3ngase en contacto con su plan de seguro individual para obtener m\u00e1s informaci\u00f3n.   <\/p>\n\n\n\n<p>Encuentre vacunas COVID-19 y contra la gripe en <a href=\"https:\/\/vaccinefinder.org\/\" target=\"_blank\" rel=\"noreferrer noopener\">Vaccinefinder.org<\/a> o llame al <a href=\"http:\/\/1-800-232-0233\" target=\"_blank\" rel=\"noreferrer noopener\">1-800-232-0233<\/a> (TTY <a href=\"http:\/\/1-888-720-7489\" target=\"_blank\" rel=\"noreferrer noopener\">1-888-720-7489<\/a>)<\/p>\n\n\n\n<p id=\"link-title-here-lorem-ipsum\" style=\"margin-top:15px;margin-right:0px;margin-bottom:15px;margin-left:0px\"><a href=\"https:\/\/sharedsystems.dhsoha.state.or.us\/DHSForms\/Served\/le-1130100.pdf\" target=\"_blank\" rel=\"noreferrer noopener\">Preguntas m\u00e1s frecuentes: Acceso a la vacuna COVID<\/a><\/p>\n<\/div><\/div><\/div>\n<\/div><\/div>\n","protected":false},"excerpt":{"rendered":"<p>Umpqua Health MIEMBROS Alertas y actualizaciones Mant\u00e9ngase informado sobre actualizaciones importantes que puedan afectar a su atenci\u00f3n, prestaciones o servicios. Aqu\u00ed encontrar\u00e1 las \u00faltimas alertas y avisos de Umpqua Health Alliance, incluidos avisos sanitarios, cambios en las farmacias, actualizaciones de cobertura e informaci\u00f3n de seguridad p\u00fablica. 19 de septiembre de 2025 COVID-19 y vacunas antigripales [&hellip;]<\/p>\n","protected":false},"author":1,"featured_media":0,"parent":14453,"menu_order":0,"comment_status":"closed","ping_status":"closed","template":"","meta":{"_acf_changed":false,"_gspb_post_css":"#gspb_button-id-gsbp-c649ea5,#gspb_button-id-gsbp-e42acdb,#gspb_button-id-gsbp-e715883{display:flex;justify-content:flex-start}#gspb_button-id-gsbp-c649ea5 .gspb-buttonbox-text{display:flex;flex-direction:column}#gspb_button-id-gsbp-c649ea5>.gspb-buttonbox{box-sizing:border-box}#gspb_button-id-gsbp-c649ea5>.gspb-buttonbox>.gspb-buttonbox-textwrap>.gspb-buttonbox-icon{display:flex}#gspb_button-id-gsbp-c649ea5>.gspb-buttonbox .gspb-buttonbox-icon svg{height:20px!important;width:20px!important;min-width:20px!important;margin:0!important}#gspb_button-id-gsbp-c649ea5>.gspb-buttonbox .gspb-buttonbox-icon svg,#gspb_button-id-gsbp-c649ea5>.gspb-buttonbox .gspb-buttonbox-icon svg path{fill:var(--wp--preset--color--palette-color-5, var(--theme-palette-color-5, #005B7B))!important}#gspb_button-id-gsbp-c649ea5>.gspb-buttonbox:hover .gspb-buttonbox-icon svg,#gspb_button-id-gsbp-c649ea5>.gspb-buttonbox:hover .gspb-buttonbox-icon svg path{fill:var(--theme-link-initial-color, currentColor)!important}#gspb_button-id-gsbp-c649ea5>.gspb-buttonbox>.gspb-buttonbox-textwrap{display:flex;flex-direction:row;align-items:center}#gspb_button-id-gsbp-c649ea5 .gspb-buttonbox-icon{margin-left:13px}#gspb_button-id-gsbp-c649ea5>.gspb-buttonbox .gspb-buttonbox-icon{margin-left:6px}#gspb_button-id-gsbp-c649ea5>.gspb-buttonbox{background-color:#ffffff00;font-weight:700!important;color:var(--wp--preset--color--palette-color-5, var(--theme-palette-color-5, #005B7B))}#gspb_button-id-gsbp-c649ea5>.gspb-buttonbox:hover{color:var(--wp--preset--color--palette-color-13, var(--theme-palette-color-13, #30822C))}#gspb_button-id-gsbp-e715883 .gspb-buttonbox-text{display:flex;flex-direction:column}#gspb_button-id-gsbp-e715883>.gspb-buttonbox{box-sizing:border-box;padding:12px 33px;background-color:#00000000;font-size:14px;line-height:22px;font-weight:700!important;color:var(--wp--preset--color--palette-color-13, var(--theme-palette-color-13, #30822C));border-style:solid;border-width:2px;border-color:var(--wp--preset--color--palette-color-13, var(--theme-palette-color-13, #30822C))}#gspb_button-id-gsbp-e715883>.gspb-buttonbox:hover{background-color:var(--wp--preset--color--palette-color-13, var(--theme-palette-color-13, #30822C))!important;color:var(--wp--preset--color--palette-color-8, var(--theme-palette-color-8, #FFFFFF))}#gspb_button-id-gsbp-e715883>.gspb-buttonbox,#gspb_button-id-gsbp-e715883>.gspb-buttonbox>.gspb_backgroundOverlay{border-top-left-radius:0;border-top-right-radius:0;border-bottom-right-radius:0;border-bottom-left-radius:0}#gspb_button-id-gsbp-e42acdb .gspb-buttonbox-text{display:flex;flex-direction:column}#gspb_button-id-gsbp-e42acdb>.gspb-buttonbox{box-sizing:border-box;margin-bottom:20px;padding:12px 33px;background-color:#00000000;font-size:14px;line-height:22px;font-weight:700!important;color:var(--wp--preset--color--palette-color-13, var(--theme-palette-color-13, #30822C));border-style:solid;border-width:2px;border-color:var(--wp--preset--color--palette-color-13, var(--theme-palette-color-13, #30822C))}#gspb_button-id-gsbp-e42acdb>.gspb-buttonbox:hover{background-color:var(--wp--preset--color--palette-color-13, var(--theme-palette-color-13, #30822C))!important;color:var(--wp--preset--color--palette-color-8, var(--theme-palette-color-8, #FFFFFF))}#gspb_button-id-gsbp-e42acdb>.gspb-buttonbox,#gspb_button-id-gsbp-e42acdb>.gspb-buttonbox>.gspb_backgroundOverlay{border-top-left-radius:0;border-top-right-radius:0;border-bottom-right-radius:0;border-bottom-left-radius:0}body.gspb-bodyfront #gspb_button-id-gsbp-e42acdb{position:relative}","footnotes":""},"class_list":["post-14418","page","type-page","status-publish","hentry"],"blocksy_meta":[],"acf":[],"yoast_head":"<!-- This site is optimized with the Yoast SEO plugin v27.2 - https:\/\/yoast.com\/product\/yoast-seo-wordpress\/ -->\n<title>Alertas y actualizaciones 17 de septiembre de 2025 - Umpqua Health<\/title>\n<meta name=\"robots\" content=\"index, follow, max-snippet:-1, max-image-preview:large, max-video-preview:-1\" \/>\n<link rel=\"canonical\" href=\"https:\/\/www.umpquahealth.com\/es\/alertas-y-actualizaciones\/alertas-y-actualizaciones-17-de-septiembre-de-2025\/\" \/>\n<meta property=\"og:locale\" content=\"es_ES\" \/>\n<meta property=\"og:type\" content=\"article\" \/>\n<meta property=\"og:title\" content=\"Alertas y actualizaciones 17 de septiembre de 2025 - Umpqua Health\" \/>\n<meta property=\"og:description\" content=\"Umpqua Health MIEMBROS Alertas y actualizaciones Mant\u00e9ngase informado sobre actualizaciones importantes que puedan afectar a su atenci\u00f3n, prestaciones o servicios. Aqu\u00ed encontrar\u00e1 las \u00faltimas alertas y avisos de Umpqua Health Alliance, incluidos avisos sanitarios, cambios en las farmacias, actualizaciones de cobertura e informaci\u00f3n de seguridad p\u00fablica. 19 de septiembre de 2025 COVID-19 y vacunas antigripales [&hellip;]\" \/>\n<meta property=\"og:url\" content=\"https:\/\/www.umpquahealth.com\/es\/alertas-y-actualizaciones\/alertas-y-actualizaciones-17-de-septiembre-de-2025\/\" \/>\n<meta property=\"og:site_name\" content=\"Umpqua Health\" \/>\n<meta property=\"article:publisher\" content=\"https:\/\/www.facebook.com\/UmpquaHealth\/\" \/>\n<meta property=\"article:modified_time\" content=\"2025-09-23T16:08:18+00:00\" \/>\n<meta name=\"twitter:card\" content=\"summary_large_image\" \/>\n<meta name=\"twitter:label1\" content=\"Est. reading time\" \/>\n\t<meta name=\"twitter:data1\" content=\"2 minutes\" \/>\n<script type=\"application\/ld+json\" class=\"yoast-schema-graph\">{\"@context\":\"https:\/\/schema.org\",\"@graph\":[{\"@type\":\"WebPage\",\"@id\":\"https:\/\/www.umpquahealth.com\/es\/alertas-y-actualizaciones\/alertas-y-actualizaciones-17-de-septiembre-de-2025\/\",\"url\":\"https:\/\/www.umpquahealth.com\/es\/alertas-y-actualizaciones\/alertas-y-actualizaciones-17-de-septiembre-de-2025\/\",\"name\":\"Alertas y actualizaciones 17 de septiembre de 2025 - Umpqua Health\",\"isPartOf\":{\"@id\":\"https:\/\/www.umpquahealth.com\/es\/#website\"},\"datePublished\":\"2025-09-19T23:19:27+00:00\",\"dateModified\":\"2025-09-23T16:08:18+00:00\",\"breadcrumb\":{\"@id\":\"https:\/\/www.umpquahealth.com\/es\/alertas-y-actualizaciones\/alertas-y-actualizaciones-17-de-septiembre-de-2025\/#breadcrumb\"},\"inLanguage\":\"es-ES\",\"potentialAction\":[{\"@type\":\"ReadAction\",\"target\":[\"https:\/\/www.umpquahealth.com\/es\/alertas-y-actualizaciones\/alertas-y-actualizaciones-17-de-septiembre-de-2025\/\"]}]},{\"@type\":\"BreadcrumbList\",\"@id\":\"https:\/\/www.umpquahealth.com\/es\/alertas-y-actualizaciones\/alertas-y-actualizaciones-17-de-septiembre-de-2025\/#breadcrumb\",\"itemListElement\":[{\"@type\":\"ListItem\",\"position\":1,\"name\":\"Home\",\"item\":\"https:\/\/www.umpquahealth.com\/es\/\"},{\"@type\":\"ListItem\",\"position\":2,\"name\":\"Alertas y actualizaciones\",\"item\":\"https:\/\/www.umpquahealth.com\/es\/alertas-y-actualizaciones\/\"},{\"@type\":\"ListItem\",\"position\":3,\"name\":\"Alertas y actualizaciones 17 de septiembre de 2025\"}]},{\"@type\":\"WebSite\",\"@id\":\"https:\/\/www.umpquahealth.com\/es\/#website\",\"url\":\"https:\/\/www.umpquahealth.com\/es\/\",\"name\":\"Umpqua Health\",\"description\":\"Umpqua Health is a mission-driven, community-focused healthcare organization proudly serving Douglas County, Oregon.\",\"publisher\":{\"@id\":\"https:\/\/www.umpquahealth.com\/es\/#organization\"},\"alternateName\":\"UHA\",\"potentialAction\":[{\"@type\":\"SearchAction\",\"target\":{\"@type\":\"EntryPoint\",\"urlTemplate\":\"https:\/\/www.umpquahealth.com\/es\/?s={search_term_string}\"},\"query-input\":{\"@type\":\"PropertyValueSpecification\",\"valueRequired\":true,\"valueName\":\"search_term_string\"}}],\"inLanguage\":\"es-ES\"},{\"@type\":\"Organization\",\"@id\":\"https:\/\/www.umpquahealth.com\/es\/#organization\",\"name\":\"Umpqua Health Alliance\",\"alternateName\":\"UHA\",\"url\":\"https:\/\/www.umpquahealth.com\/es\/\",\"logo\":{\"@type\":\"ImageObject\",\"inLanguage\":\"es-ES\",\"@id\":\"https:\/\/www.umpquahealth.com\/es\/#\/schema\/logo\/image\/\",\"url\":\"https:\/\/www.umpquahealth.com\/wp-content\/uploads\/2025\/01\/umpqua-health-logo-color.svg\",\"contentUrl\":\"https:\/\/www.umpquahealth.com\/wp-content\/uploads\/2025\/01\/umpqua-health-logo-color.svg\",\"width\":200,\"height\":54,\"caption\":\"Umpqua Health Alliance\"},\"image\":{\"@id\":\"https:\/\/www.umpquahealth.com\/es\/#\/schema\/logo\/image\/\"},\"sameAs\":[\"https:\/\/www.facebook.com\/UmpquaHealth\/\",\"https:\/\/www.linkedin.com\/company\/umpqua-health\/\"]}]}<\/script>\n<!-- \/ Yoast SEO plugin. -->","yoast_head_json":{"title":"Alertas y actualizaciones 17 de septiembre de 2025 - Umpqua Health","robots":{"index":"index","follow":"follow","max-snippet":"max-snippet:-1","max-image-preview":"max-image-preview:large","max-video-preview":"max-video-preview:-1"},"canonical":"https:\/\/www.umpquahealth.com\/es\/alertas-y-actualizaciones\/alertas-y-actualizaciones-17-de-septiembre-de-2025\/","og_locale":"es_ES","og_type":"article","og_title":"Alertas y actualizaciones 17 de septiembre de 2025 - Umpqua Health","og_description":"Umpqua Health MIEMBROS Alertas y actualizaciones Mant\u00e9ngase informado sobre actualizaciones importantes que puedan afectar a su atenci\u00f3n, prestaciones o servicios. Aqu\u00ed encontrar\u00e1 las \u00faltimas alertas y avisos de Umpqua Health Alliance, incluidos avisos sanitarios, cambios en las farmacias, actualizaciones de cobertura e informaci\u00f3n de seguridad p\u00fablica. 19 de septiembre de 2025 COVID-19 y vacunas antigripales [&hellip;]","og_url":"https:\/\/www.umpquahealth.com\/es\/alertas-y-actualizaciones\/alertas-y-actualizaciones-17-de-septiembre-de-2025\/","og_site_name":"Umpqua Health","article_publisher":"https:\/\/www.facebook.com\/UmpquaHealth\/","article_modified_time":"2025-09-23T16:08:18+00:00","twitter_card":"summary_large_image","twitter_misc":{"Est. reading time":"2 minutes"},"schema":{"@context":"https:\/\/schema.org","@graph":[{"@type":"WebPage","@id":"https:\/\/www.umpquahealth.com\/es\/alertas-y-actualizaciones\/alertas-y-actualizaciones-17-de-septiembre-de-2025\/","url":"https:\/\/www.umpquahealth.com\/es\/alertas-y-actualizaciones\/alertas-y-actualizaciones-17-de-septiembre-de-2025\/","name":"Alertas y actualizaciones 17 de septiembre de 2025 - Umpqua Health","isPartOf":{"@id":"https:\/\/www.umpquahealth.com\/es\/#website"},"datePublished":"2025-09-19T23:19:27+00:00","dateModified":"2025-09-23T16:08:18+00:00","breadcrumb":{"@id":"https:\/\/www.umpquahealth.com\/es\/alertas-y-actualizaciones\/alertas-y-actualizaciones-17-de-septiembre-de-2025\/#breadcrumb"},"inLanguage":"es-ES","potentialAction":[{"@type":"ReadAction","target":["https:\/\/www.umpquahealth.com\/es\/alertas-y-actualizaciones\/alertas-y-actualizaciones-17-de-septiembre-de-2025\/"]}]},{"@type":"BreadcrumbList","@id":"https:\/\/www.umpquahealth.com\/es\/alertas-y-actualizaciones\/alertas-y-actualizaciones-17-de-septiembre-de-2025\/#breadcrumb","itemListElement":[{"@type":"ListItem","position":1,"name":"Home","item":"https:\/\/www.umpquahealth.com\/es\/"},{"@type":"ListItem","position":2,"name":"Alertas y actualizaciones","item":"https:\/\/www.umpquahealth.com\/es\/alertas-y-actualizaciones\/"},{"@type":"ListItem","position":3,"name":"Alertas y actualizaciones 17 de septiembre de 2025"}]},{"@type":"WebSite","@id":"https:\/\/www.umpquahealth.com\/es\/#website","url":"https:\/\/www.umpquahealth.com\/es\/","name":"Umpqua Health","description":"Umpqua Health is a mission-driven, community-focused healthcare organization proudly serving Douglas County, Oregon.","publisher":{"@id":"https:\/\/www.umpquahealth.com\/es\/#organization"},"alternateName":"UHA","potentialAction":[{"@type":"SearchAction","target":{"@type":"EntryPoint","urlTemplate":"https:\/\/www.umpquahealth.com\/es\/?s={search_term_string}"},"query-input":{"@type":"PropertyValueSpecification","valueRequired":true,"valueName":"search_term_string"}}],"inLanguage":"es-ES"},{"@type":"Organization","@id":"https:\/\/www.umpquahealth.com\/es\/#organization","name":"Umpqua Health Alliance","alternateName":"UHA","url":"https:\/\/www.umpquahealth.com\/es\/","logo":{"@type":"ImageObject","inLanguage":"es-ES","@id":"https:\/\/www.umpquahealth.com\/es\/#\/schema\/logo\/image\/","url":"https:\/\/www.umpquahealth.com\/wp-content\/uploads\/2025\/01\/umpqua-health-logo-color.svg","contentUrl":"https:\/\/www.umpquahealth.com\/wp-content\/uploads\/2025\/01\/umpqua-health-logo-color.svg","width":200,"height":54,"caption":"Umpqua Health Alliance"},"image":{"@id":"https:\/\/www.umpquahealth.com\/es\/#\/schema\/logo\/image\/"},"sameAs":["https:\/\/www.facebook.com\/UmpquaHealth\/","https:\/\/www.linkedin.com\/company\/umpqua-health\/"]}]}},"_links":{"self":[{"href":"https:\/\/www.umpquahealth.com\/es\/wp-json\/wp\/v2\/pages\/14418","targetHints":{"allow":["GET"]}}],"collection":[{"href":"https:\/\/www.umpquahealth.com\/es\/wp-json\/wp\/v2\/pages"}],"about":[{"href":"https:\/\/www.umpquahealth.com\/es\/wp-json\/wp\/v2\/types\/page"}],"author":[{"embeddable":true,"href":"https:\/\/www.umpquahealth.com\/es\/wp-json\/wp\/v2\/users\/1"}],"replies":[{"embeddable":true,"href":"https:\/\/www.umpquahealth.com\/es\/wp-json\/wp\/v2\/comments?post=14418"}],"version-history":[{"count":7,"href":"https:\/\/www.umpquahealth.com\/es\/wp-json\/wp\/v2\/pages\/14418\/revisions"}],"predecessor-version":[{"id":14452,"href":"https:\/\/www.umpquahealth.com\/es\/wp-json\/wp\/v2\/pages\/14418\/revisions\/14452"}],"up":[{"embeddable":true,"href":"https:\/\/www.umpquahealth.com\/es\/wp-json\/wp\/v2\/pages\/14453"}],"wp:attachment":[{"href":"https:\/\/www.umpquahealth.com\/es\/wp-json\/wp\/v2\/media?parent=14418"}],"curies":[{"name":"wp","href":"https:\/\/api.w.org\/{rel}","templated":true}]}}